{"id":3332,"date":"2021-05-23T19:45:54","date_gmt":"2021-05-23T23:45:54","guid":{"rendered":"http:\/\/mcproperties.ca\/?page_id=3332"},"modified":"2021-06-23T09:35:18","modified_gmt":"2021-06-23T13:35:18","slug":"proprietes-industrielles","status":"publish","type":"page","link":"https:\/\/mcproperties.ca\/fr\/proprietes-industrielles\/","title":{"rendered":"Propri\u00e9t\u00e9s industrielles"},"content":{"rendered":"\t\t<div data-elementor-type=\"wp-page\" data-elementor-id=\"3332\" class=\"elementor elementor-3332 elementor-40\" data-elementor-settings=\"[]\">\n\t\t\t\t\t\t<div class=\"elementor-inner\">\n\t\t\t\t\t\t\t<div class=\"elementor-section-wrap\">\n\t\t\t\t\t\t\t<section data-particle_enable=\"false\" data-particle-mobile-disabled=\"false\" class=\"elementor-section elementor-top-section elementor-element elementor-element-b54a148 elementor-section-full_width elementor-section-content-middle elementor-section-height-min-height elementor-section-height-default elementor-section-items-middle\" data-id=\"b54a148\" data-element_type=\"section\" data-settings=\"{&quot;background_background&quot;:&quot;classic&quot;,&quot;background_motion_fx_translateY_effect&quot;:&quot;yes&quot;,&quot;background_motion_fx_translateY_affectedRange&quot;:{&quot;unit&quot;:&quot;%&quot;,&quot;size&quot;:&quot;&quot;,&quot;sizes&quot;:{&quot;start&quot;:3,&quot;end&quot;:85}},&quot;background_motion_fx_translateX_effect&quot;:&quot;yes&quot;,&quot;background_motion_fx_translateX_speed&quot;:{&quot;unit&quot;:&quot;px&quot;,&quot;size&quot;:&quot;&quot;,&quot;sizes&quot;:[]},&quot;background_motion_fx_motion_fx_scrolling&quot;:&quot;yes&quot;,&quot;background_motion_fx_translateY_speed&quot;:{&quot;unit&quot;:&quot;px&quot;,&quot;size&quot;:4,&quot;sizes&quot;:[]},&quot;background_motion_fx_translateX_affectedRange&quot;:{&quot;unit&quot;:&quot;%&quot;,&quot;size&quot;:&quot;&quot;,&quot;sizes&quot;:{&quot;start&quot;:0,&quot;end&quot;:100}},&quot;background_motion_fx_devices&quot;:[&quot;desktop&quot;,&quot;tablet&quot;,&quot;mobile&quot;]}\">\n\t\t\t\t\t\t\t<div class=\"elementor-background-overlay\"><\/div>\n\t\t\t\t\t\t\t<div class=\"elementor-container elementor-column-gap-no\">\n\t\t\t\t\t\t\t<div class=\"elementor-row\">\n\t\t\t\t\t<div class=\"elementor-column elementor-col-100 elementor-top-column elementor-element elementor-element-42e2e5f\" data-id=\"42e2e5f\" data-element_type=\"column\">\n\t\t\t<div class=\"elementor-column-wrap elementor-element-populated\">\n\t\t\t\t\t\t\t<div class=\"elementor-widget-wrap\">\n\t\t\t\t\t\t<section data-particle_enable=\"false\" data-particle-mobile-disabled=\"false\" class=\"elementor-section elementor-inner-section elementor-element elementor-element-a815ceb elementor-section-content-middle elementor-section-boxed elementor-section-height-default elementor-section-height-default\" data-id=\"a815ceb\" data-element_type=\"section\">\n\t\t\t\t\t\t<div class=\"elementor-container elementor-column-gap-no\">\n\t\t\t\t\t\t\t<div class=\"elementor-row\">\n\t\t\t\t\t<div class=\"elementor-column elementor-col-100 elementor-inner-column elementor-element elementor-element-09ee2bc\" data-id=\"09ee2bc\" data-element_type=\"column\">\n\t\t\t<div class=\"elementor-column-wrap elementor-element-populated\">\n\t\t\t\t\t\t\t<div class=\"elementor-widget-wrap\">\n\t\t\t\t\t\t<div class=\"elementor-element elementor-element-ea6ce09 elementor-widget elementor-widget-heading\" data-id=\"ea6ce09\" data-element_type=\"widget\" data-widget_type=\"heading.default\">\n\t\t\t\t<div class=\"elementor-widget-container\">\n\t\t\t<h1 class=\"elementor-heading-title elementor-size-default\">INDUSTRIEL<\/h1>\t\t<\/div>\n\t\t\t\t<\/div>\n\t\t\t\t\t\t<\/div>\n\t\t\t\t\t<\/div>\n\t\t<\/div>\n\t\t\t\t\t\t\t\t<\/div>\n\t\t\t\t\t<\/div>\n\t\t<\/section>\n\t\t\t\t\t\t<\/div>\n\t\t\t\t\t<\/div>\n\t\t<\/div>\n\t\t\t\t\t\t\t\t<\/div>\n\t\t\t\t\t<\/div>\n\t\t<\/section>\n\t\t\t\t<section data-particle_enable=\"false\" data-particle-mobile-disabled=\"false\" class=\"elementor-section elementor-top-section elementor-element elementor-element-e841b90 elementor-section-boxed elementor-section-height-default elementor-section-height-default\" data-id=\"e841b90\" data-element_type=\"section\">\n\t\t\t\t\t\t<div class=\"elementor-container elementor-column-gap-no\">\n\t\t\t\t\t\t\t<div class=\"elementor-row\">\n\t\t\t\t\t<div class=\"elementor-column elementor-col-100 elementor-top-column elementor-element elementor-element-9cf439e\" data-id=\"9cf439e\" data-element_type=\"column\" data-settings=\"{&quot;background_background&quot;:&quot;classic&quot;}\">\n\t\t\t<div class=\"elementor-column-wrap elementor-element-populated\">\n\t\t\t\t\t\t\t<div class=\"elementor-widget-wrap\">\n\t\t\t\t\t\t<section data-particle_enable=\"false\" data-particle-mobile-disabled=\"false\" class=\"elementor-section elementor-inner-section elementor-element elementor-element-877301e elementor-section-boxed elementor-section-height-default elementor-section-height-default\" data-id=\"877301e\" data-element_type=\"section\" data-settings=\"{&quot;background_background&quot;:&quot;classic&quot;}\">\n\t\t\t\t\t\t\t<div class=\"elementor-background-overlay\"><\/div>\n\t\t\t\t\t\t\t<div class=\"elementor-container elementor-column-gap-no\">\n\t\t\t\t\t\t\t<div class=\"elementor-row\">\n\t\t\t\t\t<div class=\"elementor-column elementor-col-100 elementor-inner-column elementor-element elementor-element-c4754db\" data-id=\"c4754db\" data-element_type=\"column\">\n\t\t\t<div class=\"elementor-column-wrap elementor-element-populated\">\n\t\t\t\t\t\t\t<div class=\"elementor-widget-wrap\">\n\t\t\t\t\t\t<div class=\"elementor-element elementor-element-b1ebfde elementor-posts--align-left elementor-grid-3 elementor-grid-tablet-2 elementor-grid-mobile-1 elementor-posts--thumbnail-top elementor-card-shadow-yes elementor-posts__hover-gradient elementor-widget elementor-widget-posts\" data-id=\"b1ebfde\" data-element_type=\"widget\" data-settings=\"{&quot;pagination_type&quot;:&quot;prev_next&quot;,&quot;cards_columns&quot;:&quot;3&quot;,&quot;cards_columns_tablet&quot;:&quot;2&quot;,&quot;cards_columns_mobile&quot;:&quot;1&quot;,&quot;cards_row_gap&quot;:{&quot;unit&quot;:&quot;px&quot;,&quot;size&quot;:35,&quot;sizes&quot;:[]}}\" data-widget_type=\"posts.cards\">\n\t\t\t\t<div class=\"elementor-widget-container\">\n\t\t\t\t\t<div class=\"elementor-posts-container elementor-posts elementor-posts--skin-cards elementor-grid\">\n\t\t\t\t<article class=\"elementor-post elementor-grid-item post-3328 cpt_1450 type-cpt_1450 status-publish has-post-thumbnail hentry tax_1724-vendu tax_1508-industriel\">\n\t\t\t<div class=\"elementor-post__card\">\n\t\t\t\t<a class=\"elementor-post__thumbnail__link\" href=\"https:\/\/mcproperties.ca\/fr\/proprietes\/771-785-boulevard-industriel-blainville-quebec\/\" >\n\t\t\t<div class=\"elementor-post__thumbnail\"><img width=\"300\" height=\"200\" src=\"https:\/\/mcproperties.ca\/wp-content\/uploads\/2021\/01\/771-785-Boulevard-Industriel-Outside-4-300x200.jpg\" class=\"attachment-medium size-medium\" alt=\"\" loading=\"lazy\" srcset=\"https:\/\/mcproperties.ca\/wp-content\/uploads\/2021\/01\/771-785-Boulevard-Industriel-Outside-4-300x200.jpg 300w, https:\/\/mcproperties.ca\/wp-content\/uploads\/2021\/01\/771-785-Boulevard-Industriel-Outside-4-768x511.jpg 768w, https:\/\/mcproperties.ca\/wp-content\/uploads\/2021\/01\/771-785-Boulevard-Industriel-Outside-4.jpg 841w\" sizes=\"(max-width: 300px) 100vw, 300px\" \/><\/div>\n\t\t<\/a>\n\t\t\t\t<div class=\"elementor-post__badge\">Vendu<\/div>\n\t\t\t\t<div class=\"elementor-post__text\">\n\t\t\t\t<h3 class=\"elementor-post__title\">\n\t\t\t<a href=\"https:\/\/mcproperties.ca\/fr\/proprietes\/771-785-boulevard-industriel-blainville-quebec\/\" >\n\t\t\t\t771 \u2013 785 Boulevard Industriel Blainville, Qu\u00e9bec\t\t\t<\/a>\n\t\t<\/h3>\n\t\t\t\t\t<a class=\"elementor-post__read-more\" href=\"https:\/\/mcproperties.ca\/fr\/proprietes\/771-785-boulevard-industriel-blainville-quebec\/\" >\n\t\t\t\tPLUS DE D\u00c9TAILS  \u00bb\t\t\t<\/a>\n\t\t\t\t<\/div>\n\t\t\t\t\t<\/div>\n\t\t<\/article>\n\t\t\t\t<article class=\"elementor-post elementor-grid-item post-3324 cpt_1450 type-cpt_1450 status-publish has-post-thumbnail hentry tax_1724-vendu tax_1508-industriel\">\n\t\t\t<div class=\"elementor-post__card\">\n\t\t\t\t<a class=\"elementor-post__thumbnail__link\" href=\"https:\/\/mcproperties.ca\/fr\/proprietes\/742-boulevard-industriel-blainville-quebec\/\" >\n\t\t\t<div class=\"elementor-post__thumbnail\"><img width=\"300\" height=\"200\" src=\"https:\/\/mcproperties.ca\/wp-content\/uploads\/2021\/01\/742-Boulevard-Industriel-Outside-1-300x200.jpg\" class=\"attachment-medium size-medium\" alt=\"\" loading=\"lazy\" srcset=\"https:\/\/mcproperties.ca\/wp-content\/uploads\/2021\/01\/742-Boulevard-Industriel-Outside-1-300x200.jpg 300w, https:\/\/mcproperties.ca\/wp-content\/uploads\/2021\/01\/742-Boulevard-Industriel-Outside-1-768x511.jpg 768w, https:\/\/mcproperties.ca\/wp-content\/uploads\/2021\/01\/742-Boulevard-Industriel-Outside-1.jpg 841w\" sizes=\"(max-width: 300px) 100vw, 300px\" \/><\/div>\n\t\t<\/a>\n\t\t\t\t<div class=\"elementor-post__badge\">Vendu<\/div>\n\t\t\t\t<div class=\"elementor-post__text\">\n\t\t\t\t<h3 class=\"elementor-post__title\">\n\t\t\t<a href=\"https:\/\/mcproperties.ca\/fr\/proprietes\/742-boulevard-industriel-blainville-quebec\/\" >\n\t\t\t\t742 Boulevard Industriel Blainville, Quebec\t\t\t<\/a>\n\t\t<\/h3>\n\t\t\t\t\t<a class=\"elementor-post__read-more\" href=\"https:\/\/mcproperties.ca\/fr\/proprietes\/742-boulevard-industriel-blainville-quebec\/\" >\n\t\t\t\tPLUS DE D\u00c9TAILS  \u00bb\t\t\t<\/a>\n\t\t\t\t<\/div>\n\t\t\t\t\t<\/div>\n\t\t<\/article>\n\t\t\t\t<article class=\"elementor-post elementor-grid-item post-3322 cpt_1450 type-cpt_1450 status-publish has-post-thumbnail hentry tax_1724-entierement-louee tax_1508-industriel\">\n\t\t\t<div class=\"elementor-post__card\">\n\t\t\t\t<a class=\"elementor-post__thumbnail__link\" href=\"https:\/\/mcproperties.ca\/fr\/proprietes\/644-824-boul-du-cure-boivin-boisbriand-qc\/\" >\n\t\t\t<div class=\"elementor-post__thumbnail\"><img width=\"300\" height=\"200\" src=\"https:\/\/mcproperties.ca\/wp-content\/uploads\/2021\/01\/644-to-824-Cure-Boivin-Front-1-300x200.jpg\" class=\"attachment-medium size-medium\" alt=\"\" loading=\"lazy\" srcset=\"https:\/\/mcproperties.ca\/wp-content\/uploads\/2021\/01\/644-to-824-Cure-Boivin-Front-1-300x200.jpg 300w, https:\/\/mcproperties.ca\/wp-content\/uploads\/2021\/01\/644-to-824-Cure-Boivin-Front-1-768x511.jpg 768w, https:\/\/mcproperties.ca\/wp-content\/uploads\/2021\/01\/644-to-824-Cure-Boivin-Front-1.jpg 841w\" sizes=\"(max-width: 300px) 100vw, 300px\" \/><\/div>\n\t\t<\/a>\n\t\t\t\t<div class=\"elementor-post__badge\">Lou\u00e9<\/div>\n\t\t\t\t<div class=\"elementor-post__text\">\n\t\t\t\t<h3 class=\"elementor-post__title\">\n\t\t\t<a href=\"https:\/\/mcproperties.ca\/fr\/proprietes\/644-824-boul-du-cure-boivin-boisbriand-qc\/\" >\n\t\t\t\t644 &#8211; 824 Boul. du Cur\u00e9-Boivin Boisbriand, QC\t\t\t<\/a>\n\t\t<\/h3>\n\t\t\t\t\t<a class=\"elementor-post__read-more\" href=\"https:\/\/mcproperties.ca\/fr\/proprietes\/644-824-boul-du-cure-boivin-boisbriand-qc\/\" >\n\t\t\t\tPLUS DE D\u00c9TAILS  \u00bb\t\t\t<\/a>\n\t\t\t\t<\/div>\n\t\t\t\t\t<\/div>\n\t\t<\/article>\n\t\t\t\t<article class=\"elementor-post elementor-grid-item post-3306 cpt_1450 type-cpt_1450 status-publish has-post-thumbnail hentry tax_1724-vendu tax_1508-bureau tax_1508-industriel\">\n\t\t\t<div class=\"elementor-post__card\">\n\t\t\t\t<a class=\"elementor-post__thumbnail__link\" href=\"https:\/\/mcproperties.ca\/fr\/proprietes\/3637-boul-cremazie-e-montreal-quebec\/\" >\n\t\t\t<div class=\"elementor-post__thumbnail\"><img width=\"300\" height=\"200\" src=\"https:\/\/mcproperties.ca\/wp-content\/uploads\/2020\/08\/3637-300x200.jpg\" class=\"attachment-medium size-medium\" alt=\"\" loading=\"lazy\" srcset=\"https:\/\/mcproperties.ca\/wp-content\/uploads\/2020\/08\/3637-300x200.jpg 300w, https:\/\/mcproperties.ca\/wp-content\/uploads\/2020\/08\/3637-768x512.jpg 768w, https:\/\/mcproperties.ca\/wp-content\/uploads\/2020\/08\/3637.jpg 1000w\" sizes=\"(max-width: 300px) 100vw, 300px\" \/><\/div>\n\t\t<\/a>\n\t\t\t\t<div class=\"elementor-post__badge\">Vendu<\/div>\n\t\t\t\t<div class=\"elementor-post__text\">\n\t\t\t\t<h3 class=\"elementor-post__title\">\n\t\t\t<a href=\"https:\/\/mcproperties.ca\/fr\/proprietes\/3637-boul-cremazie-e-montreal-quebec\/\" >\n\t\t\t\t3637 Boul Cr\u00e9mazie E, Montr\u00e9al Qu\u00e9bec\t\t\t<\/a>\n\t\t<\/h3>\n\t\t\t\t\t<a class=\"elementor-post__read-more\" href=\"https:\/\/mcproperties.ca\/fr\/proprietes\/3637-boul-cremazie-e-montreal-quebec\/\" >\n\t\t\t\tPLUS DE D\u00c9TAILS  \u00bb\t\t\t<\/a>\n\t\t\t\t<\/div>\n\t\t\t\t\t<\/div>\n\t\t<\/article>\n\t\t\t\t<article class=\"elementor-post elementor-grid-item post-3302 cpt_1450 type-cpt_1450 status-publish has-post-thumbnail hentry tax_1724-entierement-louee tax_1508-bureau tax_1508-commercial-fr tax_1508-industriel\">\n\t\t\t<div class=\"elementor-post__card\">\n\t\t\t\t<a class=\"elementor-post__thumbnail__link\" href=\"https:\/\/mcproperties.ca\/fr\/proprietes\/3333-boul-cremazie-e-montreal-quebec\/\" >\n\t\t\t<div class=\"elementor-post__thumbnail\"><img width=\"300\" height=\"200\" src=\"https:\/\/mcproperties.ca\/wp-content\/uploads\/2020\/08\/3333-Cremazie-Est-Montreal-Quebec-Outside-2.2-300x200.jpg\" class=\"attachment-medium size-medium\" alt=\"\" loading=\"lazy\" srcset=\"https:\/\/mcproperties.ca\/wp-content\/uploads\/2020\/08\/3333-Cremazie-Est-Montreal-Quebec-Outside-2.2-300x200.jpg 300w, https:\/\/mcproperties.ca\/wp-content\/uploads\/2020\/08\/3333-Cremazie-Est-Montreal-Quebec-Outside-2.2-768x511.jpg 768w, https:\/\/mcproperties.ca\/wp-content\/uploads\/2020\/08\/3333-Cremazie-Est-Montreal-Quebec-Outside-2.2.jpg 841w\" sizes=\"(max-width: 300px) 100vw, 300px\" \/><\/div>\n\t\t<\/a>\n\t\t\t\t<div class=\"elementor-post__badge\">Lou\u00e9<\/div>\n\t\t\t\t<div class=\"elementor-post__text\">\n\t\t\t\t<h3 class=\"elementor-post__title\">\n\t\t\t<a href=\"https:\/\/mcproperties.ca\/fr\/proprietes\/3333-boul-cremazie-e-montreal-quebec\/\" >\n\t\t\t\t3333 Boul Cr\u00e9mazie E, Montr\u00e9al Qu\u00e9bec\t\t\t<\/a>\n\t\t<\/h3>\n\t\t\t\t\t<a class=\"elementor-post__read-more\" href=\"https:\/\/mcproperties.ca\/fr\/proprietes\/3333-boul-cremazie-e-montreal-quebec\/\" >\n\t\t\t\tPLUS DE D\u00c9TAILS  \u00bb\t\t\t<\/a>\n\t\t\t\t<\/div>\n\t\t\t\t\t<\/div>\n\t\t<\/article>\n\t\t\t\t<article class=\"elementor-post elementor-grid-item post-3300 cpt_1450 type-cpt_1450 status-publish has-post-thumbnail hentry tax_1724-entierement-louee tax_1508-industriel\">\n\t\t\t<div class=\"elementor-post__card\">\n\t\t\t\t<a class=\"elementor-post__thumbnail__link\" href=\"https:\/\/mcproperties.ca\/fr\/proprietes\/3200-3282-av-francis-hughes-laval-quebec\/\" >\n\t\t\t<div class=\"elementor-post__thumbnail\"><img width=\"300\" height=\"200\" src=\"https:\/\/mcproperties.ca\/wp-content\/uploads\/2020\/09\/3110-to-3190-Francis-Hughes-Outside-2-300x200.jpg\" class=\"attachment-medium size-medium\" alt=\"\" loading=\"lazy\" srcset=\"https:\/\/mcproperties.ca\/wp-content\/uploads\/2020\/09\/3110-to-3190-Francis-Hughes-Outside-2-300x200.jpg 300w, https:\/\/mcproperties.ca\/wp-content\/uploads\/2020\/09\/3110-to-3190-Francis-Hughes-Outside-2-768x511.jpg 768w, https:\/\/mcproperties.ca\/wp-content\/uploads\/2020\/09\/3110-to-3190-Francis-Hughes-Outside-2.jpg 841w\" sizes=\"(max-width: 300px) 100vw, 300px\" \/><\/div>\n\t\t<\/a>\n\t\t\t\t<div class=\"elementor-post__badge\">Lou\u00e9<\/div>\n\t\t\t\t<div class=\"elementor-post__text\">\n\t\t\t\t<h3 class=\"elementor-post__title\">\n\t\t\t<a href=\"https:\/\/mcproperties.ca\/fr\/proprietes\/3200-3282-av-francis-hughes-laval-quebec\/\" >\n\t\t\t\t3200 \u2013 3282 Av Francis-Hughes Laval, Qu\u00e9bec\t\t\t<\/a>\n\t\t<\/h3>\n\t\t\t\t\t<a class=\"elementor-post__read-more\" href=\"https:\/\/mcproperties.ca\/fr\/proprietes\/3200-3282-av-francis-hughes-laval-quebec\/\" >\n\t\t\t\tPLUS DE D\u00c9TAILS  \u00bb\t\t\t<\/a>\n\t\t\t\t<\/div>\n\t\t\t\t\t<\/div>\n\t\t<\/article>\n\t\t\t\t<\/div>\n\n\n\t\t\n\t\t\t\t<div class=\"e-load-more-anchor\" data-page=\"1\" data-max-page=\"2\"><\/div>\n\t\t\t\t<nav class=\"elementor-pagination\" role=\"navigation\" aria-label=\"Pagination\">\n\t\t\t<span class=\"page-numbers prev\">&laquo;  PR\u00c9C\u00c9DENT <\/span>\n<a class=\"page-numbers next\" href=\"https:\/\/mcproperties.ca\/fr\/wp-json\/wp\/v2\/pages\/3332\/page\/2\/\">SUIVANT  &raquo;<\/a>\t\t<\/nav>\n\t\t\t\t<\/div>\n\t\t\t\t<\/div>\n\t\t\t\t\t\t<\/div>\n\t\t\t\t\t<\/div>\n\t\t<\/div>\n\t\t\t\t\t\t\t\t<\/div>\n\t\t\t\t\t<\/div>\n\t\t<\/section>\n\t\t\t\t<div class=\"elementor-element elementor-element-0632289 elementor-widget elementor-widget-spacer\" data-id=\"0632289\" data-element_type=\"widget\" data-widget_type=\"spacer.default\">\n\t\t\t\t<div class=\"elementor-widget-container\">\n\t\t\t\t\t<div class=\"elementor-spacer\">\n\t\t\t<div class=\"elementor-spacer-inner\"><\/div>\n\t\t<\/div>\n\t\t\t\t<\/div>\n\t\t\t\t<\/div>\n\t\t\t\t\t\t<\/div>\n\t\t\t\t\t<\/div>\n\t\t<\/div>\n\t\t\t\t\t\t\t\t<\/div>\n\t\t\t\t\t<\/div>\n\t\t<\/section>\n\t\t\t\t\t\t<\/div>\n\t\t\t\t\t\t<\/div>\n\t\t\t\t\t<\/div>\n\t\t","protected":false},"excerpt":{"rendered":"<p>INDUSTRIEL<\/p>\n","protected":false},"author":1,"featured_media":0,"parent":0,"menu_order":0,"comment_status":"closed","ping_status":"closed","template":"elementor_header_footer","meta":[],"tax_1724":[],"tax_1508":[],"_links":{"self":[{"href":"https:\/\/mcproperties.ca\/fr\/wp-json\/wp\/v2\/pages\/3332"}],"collection":[{"href":"https:\/\/mcproperties.ca\/fr\/wp-json\/wp\/v2\/pages"}],"about":[{"href":"https:\/\/mcproperties.ca\/fr\/wp-json\/wp\/v2\/types\/page"}],"author":[{"embeddable":true,"href":"https:\/\/mcproperties.ca\/fr\/wp-json\/wp\/v2\/users\/1"}],"replies":[{"embeddable":true,"href":"https:\/\/mcproperties.ca\/fr\/wp-json\/wp\/v2\/comments?post=3332"}],"version-history":[{"count":0,"href":"https:\/\/mcproperties.ca\/fr\/wp-json\/wp\/v2\/pages\/3332\/revisions"}],"wp:attachment":[{"href":"https:\/\/mcproperties.ca\/fr\/wp-json\/wp\/v2\/media?parent=3332"}],"wp:term":[{"taxonomy":"tax_1724","embeddable":true,"href":"https:\/\/mcproperties.ca\/fr\/wp-json\/wp\/v2\/tax_1724?post=3332"},{"taxonomy":"tax_1508","embeddable":true,"href":"https:\/\/mcproperties.ca\/fr\/wp-json\/wp\/v2\/tax_1508?post=3332"}],"curies":[{"name":"wp","href":"https:\/\/api.w.org\/{rel}","templated":true}]}}