{"id":3340,"date":"2021-05-23T19:54:50","date_gmt":"2021-05-23T23:54:50","guid":{"rendered":"http:\/\/mcproperties.ca\/?page_id=3340"},"modified":"2021-06-23T09:30:47","modified_gmt":"2021-06-23T13:30:47","slug":"immeubles-de-bureaux","status":"publish","type":"page","link":"https:\/\/mcproperties.ca\/fr\/immeubles-de-bureaux\/","title":{"rendered":"Immeubles de bureaux"},"content":{"rendered":"\t\t<div data-elementor-type=\"wp-page\" data-elementor-id=\"3340\" class=\"elementor elementor-3340 elementor-36\" data-elementor-settings=\"[]\">\n\t\t\t\t\t\t<div class=\"elementor-inner\">\n\t\t\t\t\t\t\t<div class=\"elementor-section-wrap\">\n\t\t\t\t\t\t\t<section data-particle_enable=\"false\" data-particle-mobile-disabled=\"false\" class=\"elementor-section elementor-top-section elementor-element elementor-element-341fcac3 elementor-section-full_width elementor-section-content-middle elementor-section-height-min-height elementor-section-height-default elementor-section-items-middle\" data-id=\"341fcac3\" data-element_type=\"section\" data-settings=\"{&quot;background_background&quot;:&quot;classic&quot;,&quot;background_motion_fx_translateY_effect&quot;:&quot;yes&quot;,&quot;background_motion_fx_translateY_affectedRange&quot;:{&quot;unit&quot;:&quot;%&quot;,&quot;size&quot;:&quot;&quot;,&quot;sizes&quot;:{&quot;start&quot;:3,&quot;end&quot;:85}},&quot;background_motion_fx_translateX_effect&quot;:&quot;yes&quot;,&quot;background_motion_fx_translateX_speed&quot;:{&quot;unit&quot;:&quot;px&quot;,&quot;size&quot;:&quot;&quot;,&quot;sizes&quot;:[]},&quot;background_motion_fx_motion_fx_scrolling&quot;:&quot;yes&quot;,&quot;background_motion_fx_translateY_speed&quot;:{&quot;unit&quot;:&quot;px&quot;,&quot;size&quot;:4,&quot;sizes&quot;:[]},&quot;background_motion_fx_translateX_affectedRange&quot;:{&quot;unit&quot;:&quot;%&quot;,&quot;size&quot;:&quot;&quot;,&quot;sizes&quot;:{&quot;start&quot;:0,&quot;end&quot;:100}},&quot;background_motion_fx_devices&quot;:[&quot;desktop&quot;,&quot;tablet&quot;,&quot;mobile&quot;]}\">\n\t\t\t\t\t\t\t<div class=\"elementor-background-overlay\"><\/div>\n\t\t\t\t\t\t\t<div class=\"elementor-container elementor-column-gap-no\">\n\t\t\t\t\t\t\t<div class=\"elementor-row\">\n\t\t\t\t\t<div class=\"elementor-column elementor-col-100 elementor-top-column elementor-element elementor-element-31885b08\" data-id=\"31885b08\" data-element_type=\"column\">\n\t\t\t<div class=\"elementor-column-wrap elementor-element-populated\">\n\t\t\t\t\t\t\t<div class=\"elementor-widget-wrap\">\n\t\t\t\t\t\t<section data-particle_enable=\"false\" data-particle-mobile-disabled=\"false\" class=\"elementor-section elementor-inner-section elementor-element elementor-element-2bb34306 elementor-section-content-middle elementor-section-boxed elementor-section-height-default elementor-section-height-default\" data-id=\"2bb34306\" data-element_type=\"section\">\n\t\t\t\t\t\t<div class=\"elementor-container elementor-column-gap-no\">\n\t\t\t\t\t\t\t<div class=\"elementor-row\">\n\t\t\t\t\t<div class=\"elementor-column elementor-col-100 elementor-inner-column elementor-element elementor-element-766a40d1\" data-id=\"766a40d1\" data-element_type=\"column\">\n\t\t\t<div class=\"elementor-column-wrap elementor-element-populated\">\n\t\t\t\t\t\t\t<div class=\"elementor-widget-wrap\">\n\t\t\t\t\t\t<div class=\"elementor-element elementor-element-1617b64f elementor-widget elementor-widget-heading\" data-id=\"1617b64f\" data-element_type=\"widget\" data-widget_type=\"heading.default\">\n\t\t\t\t<div class=\"elementor-widget-container\">\n\t\t\t<h1 class=\"elementor-heading-title elementor-size-default\">BUREAU<\/h1>\t\t<\/div>\n\t\t\t\t<\/div>\n\t\t\t\t\t\t<\/div>\n\t\t\t\t\t<\/div>\n\t\t<\/div>\n\t\t\t\t\t\t\t\t<\/div>\n\t\t\t\t\t<\/div>\n\t\t<\/section>\n\t\t\t\t\t\t<\/div>\n\t\t\t\t\t<\/div>\n\t\t<\/div>\n\t\t\t\t\t\t\t\t<\/div>\n\t\t\t\t\t<\/div>\n\t\t<\/section>\n\t\t\t\t<section data-particle_enable=\"false\" data-particle-mobile-disabled=\"false\" class=\"elementor-section elementor-top-section elementor-element elementor-element-26a9fa63 elementor-section-boxed elementor-section-height-default elementor-section-height-default\" data-id=\"26a9fa63\" data-element_type=\"section\">\n\t\t\t\t\t\t<div class=\"elementor-container elementor-column-gap-no\">\n\t\t\t\t\t\t\t<div class=\"elementor-row\">\n\t\t\t\t\t<div class=\"elementor-column elementor-col-100 elementor-top-column elementor-element elementor-element-2e74d3a4\" data-id=\"2e74d3a4\" data-element_type=\"column\" data-settings=\"{&quot;background_background&quot;:&quot;classic&quot;}\">\n\t\t\t<div class=\"elementor-column-wrap elementor-element-populated\">\n\t\t\t\t\t\t\t<div class=\"elementor-widget-wrap\">\n\t\t\t\t\t\t<section data-particle_enable=\"false\" data-particle-mobile-disabled=\"false\" class=\"elementor-section elementor-inner-section elementor-element elementor-element-445685f3 elementor-section-boxed elementor-section-height-default elementor-section-height-default\" data-id=\"445685f3\" data-element_type=\"section\" data-settings=\"{&quot;background_background&quot;:&quot;classic&quot;}\">\n\t\t\t\t\t\t\t<div class=\"elementor-background-overlay\"><\/div>\n\t\t\t\t\t\t\t<div class=\"elementor-container elementor-column-gap-no\">\n\t\t\t\t\t\t\t<div class=\"elementor-row\">\n\t\t\t\t\t<div class=\"elementor-column elementor-col-100 elementor-inner-column elementor-element elementor-element-4ef58888\" data-id=\"4ef58888\" data-element_type=\"column\">\n\t\t\t<div class=\"elementor-column-wrap elementor-element-populated\">\n\t\t\t\t\t\t\t<div class=\"elementor-widget-wrap\">\n\t\t\t\t\t\t<div class=\"elementor-element elementor-element-f2bd581 elementor-posts--align-left elementor-grid-3 elementor-grid-tablet-2 elementor-grid-mobile-1 elementor-posts--thumbnail-top elementor-card-shadow-yes elementor-posts__hover-gradient elementor-widget elementor-widget-posts\" data-id=\"f2bd581\" data-element_type=\"widget\" data-settings=\"{&quot;pagination_type&quot;:&quot;prev_next&quot;,&quot;cards_columns&quot;:&quot;3&quot;,&quot;cards_columns_tablet&quot;:&quot;2&quot;,&quot;cards_columns_mobile&quot;:&quot;1&quot;,&quot;cards_row_gap&quot;:{&quot;unit&quot;:&quot;px&quot;,&quot;size&quot;:35,&quot;sizes&quot;:[]}}\" data-widget_type=\"posts.cards\">\n\t\t\t\t<div class=\"elementor-widget-container\">\n\t\t\t\t\t<div class=\"elementor-posts-container elementor-posts elementor-posts--skin-cards elementor-grid\">\n\t\t\t\t<article class=\"elementor-post elementor-grid-item post-3230 cpt_1450 type-cpt_1450 status-publish has-post-thumbnail hentry tax_1724-a-louer tax_1724-disponible-a-la-location tax_1508-bureau\">\n\t\t\t<div class=\"elementor-post__card\">\n\t\t\t\t<a class=\"elementor-post__thumbnail__link\" href=\"https:\/\/mcproperties.ca\/fr\/proprietes\/1100-boulevard-cremazie-est-montreal-quebec\/\" >\n\t\t\t<div class=\"elementor-post__thumbnail\"><img width=\"300\" height=\"200\" src=\"https:\/\/mcproperties.ca\/wp-content\/uploads\/2020\/08\/1100-Cremazie-300x200.jpg\" class=\"attachment-medium size-medium\" alt=\"\" loading=\"lazy\" srcset=\"https:\/\/mcproperties.ca\/wp-content\/uploads\/2020\/08\/1100-Cremazie-300x200.jpg 300w, https:\/\/mcproperties.ca\/wp-content\/uploads\/2020\/08\/1100-Cremazie-1024x682.jpg 1024w, https:\/\/mcproperties.ca\/wp-content\/uploads\/2020\/08\/1100-Cremazie-768x512.jpg 768w, https:\/\/mcproperties.ca\/wp-content\/uploads\/2020\/08\/1100-Cremazie-1536x1023.jpg 1536w, https:\/\/mcproperties.ca\/wp-content\/uploads\/2020\/08\/1100-Cremazie-2048x1364.jpg 2048w\" sizes=\"(max-width: 300px) 100vw, 300px\" \/><\/div>\n\t\t<\/a>\n\t\t\t\t<div class=\"elementor-post__badge\">\u00c0 louer<\/div>\n\t\t\t\t<div class=\"elementor-post__text\">\n\t\t\t\t<h3 class=\"elementor-post__title\">\n\t\t\t<a href=\"https:\/\/mcproperties.ca\/fr\/proprietes\/1100-boulevard-cremazie-est-montreal-quebec\/\" >\n\t\t\t\t1100 Boulevard Cr\u00e9mazie Est Montr\u00e9al, Qu\u00e9bec\t\t\t<\/a>\n\t\t<\/h3>\n\t\t\t\t\t<a class=\"elementor-post__read-more\" href=\"https:\/\/mcproperties.ca\/fr\/proprietes\/1100-boulevard-cremazie-est-montreal-quebec\/\" >\n\t\t\t\tPLUS DE D\u00c9TAILS  \u00bb\t\t\t<\/a>\n\t\t\t\t<\/div>\n\t\t\t\t\t<\/div>\n\t\t<\/article>\n\t\t\t\t<article class=\"elementor-post elementor-grid-item post-3283 cpt_1450 type-cpt_1450 status-publish has-post-thumbnail hentry tax_1724-disponible-a-la-location tax_1508-bureau tax_1508-commercial-fr\">\n\t\t\t<div class=\"elementor-post__card\">\n\t\t\t\t<a class=\"elementor-post__thumbnail__link\" href=\"https:\/\/mcproperties.ca\/fr\/proprietes\/13200-metropolitain-est-montreal-point-aux-trembles-quebec\/\" >\n\t\t\t<div class=\"elementor-post__thumbnail\"><img width=\"300\" height=\"200\" src=\"https:\/\/mcproperties.ca\/wp-content\/uploads\/2020\/08\/0U3A3197-300x200.jpg\" class=\"attachment-medium size-medium\" alt=\"\" loading=\"lazy\" srcset=\"https:\/\/mcproperties.ca\/wp-content\/uploads\/2020\/08\/0U3A3197-300x200.jpg 300w, https:\/\/mcproperties.ca\/wp-content\/uploads\/2020\/08\/0U3A3197-1024x683.jpg 1024w, https:\/\/mcproperties.ca\/wp-content\/uploads\/2020\/08\/0U3A3197-768x512.jpg 768w, https:\/\/mcproperties.ca\/wp-content\/uploads\/2020\/08\/0U3A3197-1536x1024.jpg 1536w, https:\/\/mcproperties.ca\/wp-content\/uploads\/2020\/08\/0U3A3197-2048x1365.jpg 2048w\" sizes=\"(max-width: 300px) 100vw, 300px\" \/><\/div>\n\t\t<\/a>\n\t\t\t\t<div class=\"elementor-post__badge\">Disponibilites<\/div>\n\t\t\t\t<div class=\"elementor-post__text\">\n\t\t\t\t<h3 class=\"elementor-post__title\">\n\t\t\t<a href=\"https:\/\/mcproperties.ca\/fr\/proprietes\/13200-metropolitain-est-montreal-point-aux-trembles-quebec\/\" >\n\t\t\t\t13200 M\u00e9tropolitain Est, Montr\u00e9al (Point-Aux-Trembles) Qu\u00e9bec\t\t\t<\/a>\n\t\t<\/h3>\n\t\t\t\t\t<a class=\"elementor-post__read-more\" href=\"https:\/\/mcproperties.ca\/fr\/proprietes\/13200-metropolitain-est-montreal-point-aux-trembles-quebec\/\" >\n\t\t\t\tPLUS DE D\u00c9TAILS  \u00bb\t\t\t<\/a>\n\t\t\t\t<\/div>\n\t\t\t\t\t<\/div>\n\t\t<\/article>\n\t\t\t\t<article class=\"elementor-post elementor-grid-item post-3290 cpt_1450 type-cpt_1450 status-publish has-post-thumbnail hentry tax_1724-disponible-a-la-location tax_1508-bureau tax_1508-commercial-fr\">\n\t\t\t<div class=\"elementor-post__card\">\n\t\t\t\t<a class=\"elementor-post__thumbnail__link\" href=\"https:\/\/mcproperties.ca\/fr\/proprietes\/160-180-boulevard-danjou-chateauguay-quebec\/\" >\n\t\t\t<div class=\"elementor-post__thumbnail\"><img width=\"300\" height=\"200\" src=\"https:\/\/mcproperties.ca\/wp-content\/uploads\/2021\/01\/160-180-Boulevard-dAnjou-Front-2-300x200.jpg\" class=\"attachment-medium size-medium\" alt=\"\" loading=\"lazy\" srcset=\"https:\/\/mcproperties.ca\/wp-content\/uploads\/2021\/01\/160-180-Boulevard-dAnjou-Front-2-300x200.jpg 300w, https:\/\/mcproperties.ca\/wp-content\/uploads\/2021\/01\/160-180-Boulevard-dAnjou-Front-2-768x511.jpg 768w, https:\/\/mcproperties.ca\/wp-content\/uploads\/2021\/01\/160-180-Boulevard-dAnjou-Front-2.jpg 841w\" sizes=\"(max-width: 300px) 100vw, 300px\" \/><\/div>\n\t\t<\/a>\n\t\t\t\t<div class=\"elementor-post__badge\">Disponibilites<\/div>\n\t\t\t\t<div class=\"elementor-post__text\">\n\t\t\t\t<h3 class=\"elementor-post__title\">\n\t\t\t<a href=\"https:\/\/mcproperties.ca\/fr\/proprietes\/160-180-boulevard-danjou-chateauguay-quebec\/\" >\n\t\t\t\t160 \u2013 180 Boulevard d\u2019Anjou Ch\u00e2teauguay, Qu\u00e9bec\t\t\t<\/a>\n\t\t<\/h3>\n\t\t\t\t\t<a class=\"elementor-post__read-more\" href=\"https:\/\/mcproperties.ca\/fr\/proprietes\/160-180-boulevard-danjou-chateauguay-quebec\/\" >\n\t\t\t\tPLUS DE D\u00c9TAILS  \u00bb\t\t\t<\/a>\n\t\t\t\t<\/div>\n\t\t\t\t\t<\/div>\n\t\t<\/article>\n\t\t\t\t<article class=\"elementor-post elementor-grid-item post-3302 cpt_1450 type-cpt_1450 status-publish has-post-thumbnail hentry tax_1724-entierement-louee tax_1508-bureau tax_1508-commercial-fr tax_1508-industriel\">\n\t\t\t<div class=\"elementor-post__card\">\n\t\t\t\t<a class=\"elementor-post__thumbnail__link\" href=\"https:\/\/mcproperties.ca\/fr\/proprietes\/3333-boul-cremazie-e-montreal-quebec\/\" >\n\t\t\t<div class=\"elementor-post__thumbnail\"><img width=\"300\" height=\"200\" src=\"https:\/\/mcproperties.ca\/wp-content\/uploads\/2020\/08\/3333-Cremazie-Est-Montreal-Quebec-Outside-2.2-300x200.jpg\" class=\"attachment-medium size-medium\" alt=\"\" loading=\"lazy\" srcset=\"https:\/\/mcproperties.ca\/wp-content\/uploads\/2020\/08\/3333-Cremazie-Est-Montreal-Quebec-Outside-2.2-300x200.jpg 300w, https:\/\/mcproperties.ca\/wp-content\/uploads\/2020\/08\/3333-Cremazie-Est-Montreal-Quebec-Outside-2.2-768x511.jpg 768w, https:\/\/mcproperties.ca\/wp-content\/uploads\/2020\/08\/3333-Cremazie-Est-Montreal-Quebec-Outside-2.2.jpg 841w\" sizes=\"(max-width: 300px) 100vw, 300px\" \/><\/div>\n\t\t<\/a>\n\t\t\t\t<div class=\"elementor-post__badge\">Lou\u00e9<\/div>\n\t\t\t\t<div class=\"elementor-post__text\">\n\t\t\t\t<h3 class=\"elementor-post__title\">\n\t\t\t<a href=\"https:\/\/mcproperties.ca\/fr\/proprietes\/3333-boul-cremazie-e-montreal-quebec\/\" >\n\t\t\t\t3333 Boul Cr\u00e9mazie E, Montr\u00e9al Qu\u00e9bec\t\t\t<\/a>\n\t\t<\/h3>\n\t\t\t\t\t<a class=\"elementor-post__read-more\" href=\"https:\/\/mcproperties.ca\/fr\/proprietes\/3333-boul-cremazie-e-montreal-quebec\/\" >\n\t\t\t\tPLUS DE D\u00c9TAILS  \u00bb\t\t\t<\/a>\n\t\t\t\t<\/div>\n\t\t\t\t\t<\/div>\n\t\t<\/article>\n\t\t\t\t<article class=\"elementor-post elementor-grid-item post-3304 cpt_1450 type-cpt_1450 status-publish has-post-thumbnail hentry tax_1724-disponible-a-la-location tax_1508-bureau\">\n\t\t\t<div class=\"elementor-post__card\">\n\t\t\t\t<a class=\"elementor-post__thumbnail__link\" href=\"https:\/\/mcproperties.ca\/fr\/proprietes\/3635-3675-boul-grande-allee-boisbriand-quebec\/\" >\n\t\t\t<div class=\"elementor-post__thumbnail\"><img width=\"300\" height=\"200\" src=\"https:\/\/mcproperties.ca\/wp-content\/uploads\/2020\/08\/3675-Grande-Allee-Boisbriand-Quebec-Outside-1.1-300x200.jpg\" class=\"attachment-medium size-medium\" alt=\"\" loading=\"lazy\" srcset=\"https:\/\/mcproperties.ca\/wp-content\/uploads\/2020\/08\/3675-Grande-Allee-Boisbriand-Quebec-Outside-1.1-300x200.jpg 300w, https:\/\/mcproperties.ca\/wp-content\/uploads\/2020\/08\/3675-Grande-Allee-Boisbriand-Quebec-Outside-1.1-768x511.jpg 768w, https:\/\/mcproperties.ca\/wp-content\/uploads\/2020\/08\/3675-Grande-Allee-Boisbriand-Quebec-Outside-1.1.jpg 841w\" sizes=\"(max-width: 300px) 100vw, 300px\" \/><\/div>\n\t\t<\/a>\n\t\t\t\t<div class=\"elementor-post__badge\">Disponibilites<\/div>\n\t\t\t\t<div class=\"elementor-post__text\">\n\t\t\t\t<h3 class=\"elementor-post__title\">\n\t\t\t<a href=\"https:\/\/mcproperties.ca\/fr\/proprietes\/3635-3675-boul-grande-allee-boisbriand-quebec\/\" >\n\t\t\t\t3635 \u2013 3675 Boul Grande All\u00e9e, Boisbriand Qu\u00e9bec\t\t\t<\/a>\n\t\t<\/h3>\n\t\t\t\t\t<a class=\"elementor-post__read-more\" href=\"https:\/\/mcproperties.ca\/fr\/proprietes\/3635-3675-boul-grande-allee-boisbriand-quebec\/\" >\n\t\t\t\tPLUS DE D\u00c9TAILS  \u00bb\t\t\t<\/a>\n\t\t\t\t<\/div>\n\t\t\t\t\t<\/div>\n\t\t<\/article>\n\t\t\t\t<article class=\"elementor-post elementor-grid-item post-3306 cpt_1450 type-cpt_1450 status-publish has-post-thumbnail hentry tax_1724-vendu tax_1508-bureau tax_1508-industriel\">\n\t\t\t<div class=\"elementor-post__card\">\n\t\t\t\t<a class=\"elementor-post__thumbnail__link\" href=\"https:\/\/mcproperties.ca\/fr\/proprietes\/3637-boul-cremazie-e-montreal-quebec\/\" >\n\t\t\t<div class=\"elementor-post__thumbnail\"><img width=\"300\" height=\"200\" src=\"https:\/\/mcproperties.ca\/wp-content\/uploads\/2020\/08\/3637-300x200.jpg\" class=\"attachment-medium size-medium\" alt=\"\" loading=\"lazy\" srcset=\"https:\/\/mcproperties.ca\/wp-content\/uploads\/2020\/08\/3637-300x200.jpg 300w, https:\/\/mcproperties.ca\/wp-content\/uploads\/2020\/08\/3637-768x512.jpg 768w, https:\/\/mcproperties.ca\/wp-content\/uploads\/2020\/08\/3637.jpg 1000w\" sizes=\"(max-width: 300px) 100vw, 300px\" \/><\/div>\n\t\t<\/a>\n\t\t\t\t<div class=\"elementor-post__badge\">Vendu<\/div>\n\t\t\t\t<div class=\"elementor-post__text\">\n\t\t\t\t<h3 class=\"elementor-post__title\">\n\t\t\t<a href=\"https:\/\/mcproperties.ca\/fr\/proprietes\/3637-boul-cremazie-e-montreal-quebec\/\" >\n\t\t\t\t3637 Boul Cr\u00e9mazie E, Montr\u00e9al Qu\u00e9bec\t\t\t<\/a>\n\t\t<\/h3>\n\t\t\t\t\t<a class=\"elementor-post__read-more\" href=\"https:\/\/mcproperties.ca\/fr\/proprietes\/3637-boul-cremazie-e-montreal-quebec\/\" >\n\t\t\t\tPLUS DE D\u00c9TAILS  \u00bb\t\t\t<\/a>\n\t\t\t\t<\/div>\n\t\t\t\t\t<\/div>\n\t\t<\/article>\n\t\t\t\t<\/div>\n\n\n\t\t\n\t\t\t\t<div class=\"e-load-more-anchor\" data-page=\"1\" data-max-page=\"2\"><\/div>\n\t\t\t\t<nav class=\"elementor-pagination\" role=\"navigation\" aria-label=\"Pagination\">\n\t\t\t<span class=\"page-numbers prev\">&laquo;  PR\u00c9C\u00c9DENT <\/span>\n<a class=\"page-numbers next\" href=\"https:\/\/mcproperties.ca\/fr\/wp-json\/wp\/v2\/pages\/3340\/page\/2\/\">SUIVANT  &raquo;<\/a>\t\t<\/nav>\n\t\t\t\t<\/div>\n\t\t\t\t<\/div>\n\t\t\t\t\t\t<\/div>\n\t\t\t\t\t<\/div>\n\t\t<\/div>\n\t\t\t\t\t\t\t\t<\/div>\n\t\t\t\t\t<\/div>\n\t\t<\/section>\n\t\t\t\t\t\t<\/div>\n\t\t\t\t\t<\/div>\n\t\t<\/div>\n\t\t\t\t\t\t\t\t<\/div>\n\t\t\t\t\t<\/div>\n\t\t<\/section>\n\t\t\t\t<section data-particle_enable=\"false\" data-particle-mobile-disabled=\"false\" class=\"elementor-section elementor-top-section elementor-element elementor-element-2840f69 elementor-section-boxed elementor-section-height-default elementor-section-height-default\" data-id=\"2840f69\" data-element_type=\"section\">\n\t\t\t\t\t\t<div class=\"elementor-container elementor-column-gap-default\">\n\t\t\t\t\t\t\t<div class=\"elementor-row\">\n\t\t\t\t\t<div class=\"elementor-column elementor-col-100 elementor-top-column elementor-element elementor-element-cd5b178\" data-id=\"cd5b178\" data-element_type=\"column\">\n\t\t\t<div class=\"elementor-column-wrap elementor-element-populated\">\n\t\t\t\t\t\t\t<div class=\"elementor-widget-wrap\">\n\t\t\t\t\t\t<div class=\"elementor-element elementor-element-19d9267 elementor-widget elementor-widget-spacer\" data-id=\"19d9267\" data-element_type=\"widget\" data-widget_type=\"spacer.default\">\n\t\t\t\t<div class=\"elementor-widget-container\">\n\t\t\t\t\t<div class=\"elementor-spacer\">\n\t\t\t<div class=\"elementor-spacer-inner\"><\/div>\n\t\t<\/div>\n\t\t\t\t<\/div>\n\t\t\t\t<\/div>\n\t\t\t\t\t\t<\/div>\n\t\t\t\t\t<\/div>\n\t\t<\/div>\n\t\t\t\t\t\t\t\t<\/div>\n\t\t\t\t\t<\/div>\n\t\t<\/section>\n\t\t\t\t\t\t<\/div>\n\t\t\t\t\t\t<\/div>\n\t\t\t\t\t<\/div>\n\t\t","protected":false},"excerpt":{"rendered":"<p>BUREAU<\/p>\n","protected":false},"author":1,"featured_media":0,"parent":0,"menu_order":0,"comment_status":"closed","ping_status":"closed","template":"elementor_header_footer","meta":[],"tax_1724":[],"tax_1508":[],"_links":{"self":[{"href":"https:\/\/mcproperties.ca\/fr\/wp-json\/wp\/v2\/pages\/3340"}],"collection":[{"href":"https:\/\/mcproperties.ca\/fr\/wp-json\/wp\/v2\/pages"}],"about":[{"href":"https:\/\/mcproperties.ca\/fr\/wp-json\/wp\/v2\/types\/page"}],"author":[{"embeddable":true,"href":"https:\/\/mcproperties.ca\/fr\/wp-json\/wp\/v2\/users\/1"}],"replies":[{"embeddable":true,"href":"https:\/\/mcproperties.ca\/fr\/wp-json\/wp\/v2\/comments?post=3340"}],"version-history":[{"count":0,"href":"https:\/\/mcproperties.ca\/fr\/wp-json\/wp\/v2\/pages\/3340\/revisions"}],"wp:attachment":[{"href":"https:\/\/mcproperties.ca\/fr\/wp-json\/wp\/v2\/media?parent=3340"}],"wp:term":[{"taxonomy":"tax_1724","embeddable":true,"href":"https:\/\/mcproperties.ca\/fr\/wp-json\/wp\/v2\/tax_1724?post=3340"},{"taxonomy":"tax_1508","embeddable":true,"href":"https:\/\/mcproperties.ca\/fr\/wp-json\/wp\/v2\/tax_1508?post=3340"}],"curies":[{"name":"wp","href":"https:\/\/api.w.org\/{rel}","templated":true}]}}