{"id":3345,"date":"2021-05-23T19:56:57","date_gmt":"2021-05-23T23:56:57","guid":{"rendered":"http:\/\/mcproperties.ca\/?page_id=3345"},"modified":"2021-06-23T09:38:56","modified_gmt":"2021-06-23T13:38:56","slug":"proprietes-residentielles","status":"publish","type":"page","link":"https:\/\/mcproperties.ca\/fr\/proprietes-residentielles\/","title":{"rendered":"Propri\u00e9t\u00e9s r\u00e9sidentielles"},"content":{"rendered":"\t\t<div data-elementor-type=\"wp-page\" data-elementor-id=\"3345\" class=\"elementor elementor-3345 elementor-42\" data-elementor-settings=\"[]\">\n\t\t\t\t\t\t<div class=\"elementor-inner\">\n\t\t\t\t\t\t\t<div class=\"elementor-section-wrap\">\n\t\t\t\t\t\t\t<section data-particle_enable=\"false\" data-particle-mobile-disabled=\"false\" class=\"elementor-section elementor-top-section elementor-element elementor-element-a43d28c elementor-section-full_width elementor-section-content-middle elementor-section-height-min-height elementor-section-height-default elementor-section-items-middle\" data-id=\"a43d28c\" data-element_type=\"section\" data-settings=\"{&quot;background_background&quot;:&quot;classic&quot;,&quot;background_motion_fx_translateY_effect&quot;:&quot;yes&quot;,&quot;background_motion_fx_translateY_affectedRange&quot;:{&quot;unit&quot;:&quot;%&quot;,&quot;size&quot;:&quot;&quot;,&quot;sizes&quot;:{&quot;start&quot;:3,&quot;end&quot;:85}},&quot;background_motion_fx_translateX_effect&quot;:&quot;yes&quot;,&quot;background_motion_fx_translateX_speed&quot;:{&quot;unit&quot;:&quot;px&quot;,&quot;size&quot;:&quot;&quot;,&quot;sizes&quot;:[]},&quot;background_motion_fx_motion_fx_scrolling&quot;:&quot;yes&quot;,&quot;background_motion_fx_translateY_speed&quot;:{&quot;unit&quot;:&quot;px&quot;,&quot;size&quot;:4,&quot;sizes&quot;:[]},&quot;background_motion_fx_translateX_affectedRange&quot;:{&quot;unit&quot;:&quot;%&quot;,&quot;size&quot;:&quot;&quot;,&quot;sizes&quot;:{&quot;start&quot;:0,&quot;end&quot;:100}},&quot;background_motion_fx_devices&quot;:[&quot;desktop&quot;,&quot;tablet&quot;,&quot;mobile&quot;]}\">\n\t\t\t\t\t\t\t<div class=\"elementor-background-overlay\"><\/div>\n\t\t\t\t\t\t\t<div class=\"elementor-container elementor-column-gap-no\">\n\t\t\t\t\t\t\t<div class=\"elementor-row\">\n\t\t\t\t\t<div class=\"elementor-column elementor-col-100 elementor-top-column elementor-element elementor-element-07ae726\" data-id=\"07ae726\" data-element_type=\"column\">\n\t\t\t<div class=\"elementor-column-wrap elementor-element-populated\">\n\t\t\t\t\t\t\t<div class=\"elementor-widget-wrap\">\n\t\t\t\t\t\t<section data-particle_enable=\"false\" data-particle-mobile-disabled=\"false\" class=\"elementor-section elementor-inner-section elementor-element elementor-element-30f8c32 elementor-section-content-middle elementor-section-boxed elementor-section-height-default elementor-section-height-default\" data-id=\"30f8c32\" data-element_type=\"section\">\n\t\t\t\t\t\t<div class=\"elementor-container elementor-column-gap-no\">\n\t\t\t\t\t\t\t<div class=\"elementor-row\">\n\t\t\t\t\t<div class=\"elementor-column elementor-col-100 elementor-inner-column elementor-element elementor-element-d4288dc\" data-id=\"d4288dc\" data-element_type=\"column\">\n\t\t\t<div class=\"elementor-column-wrap elementor-element-populated\">\n\t\t\t\t\t\t\t<div class=\"elementor-widget-wrap\">\n\t\t\t\t\t\t<div class=\"elementor-element elementor-element-71f32d2 elementor-widget elementor-widget-heading\" data-id=\"71f32d2\" data-element_type=\"widget\" data-widget_type=\"heading.default\">\n\t\t\t\t<div class=\"elementor-widget-container\">\n\t\t\t<h1 class=\"elementor-heading-title elementor-size-default\">RESIDENTIEL<\/h1>\t\t<\/div>\n\t\t\t\t<\/div>\n\t\t\t\t\t\t<\/div>\n\t\t\t\t\t<\/div>\n\t\t<\/div>\n\t\t\t\t\t\t\t\t<\/div>\n\t\t\t\t\t<\/div>\n\t\t<\/section>\n\t\t\t\t\t\t<\/div>\n\t\t\t\t\t<\/div>\n\t\t<\/div>\n\t\t\t\t\t\t\t\t<\/div>\n\t\t\t\t\t<\/div>\n\t\t<\/section>\n\t\t\t\t<section data-particle_enable=\"false\" data-particle-mobile-disabled=\"false\" class=\"elementor-section elementor-top-section elementor-element elementor-element-6888376 elementor-section-boxed elementor-section-height-default elementor-section-height-default\" data-id=\"6888376\" data-element_type=\"section\">\n\t\t\t\t\t\t<div class=\"elementor-container elementor-column-gap-no\">\n\t\t\t\t\t\t\t<div class=\"elementor-row\">\n\t\t\t\t\t<div class=\"elementor-column elementor-col-100 elementor-top-column elementor-element elementor-element-86c8119\" data-id=\"86c8119\" data-element_type=\"column\" data-settings=\"{&quot;background_background&quot;:&quot;classic&quot;}\">\n\t\t\t<div class=\"elementor-column-wrap elementor-element-populated\">\n\t\t\t\t\t\t\t<div class=\"elementor-widget-wrap\">\n\t\t\t\t\t\t<section data-particle_enable=\"false\" data-particle-mobile-disabled=\"false\" class=\"elementor-section elementor-inner-section elementor-element elementor-element-ab2b748 elementor-section-boxed elementor-section-height-default elementor-section-height-default\" data-id=\"ab2b748\" data-element_type=\"section\" data-settings=\"{&quot;background_background&quot;:&quot;classic&quot;}\">\n\t\t\t\t\t\t\t<div class=\"elementor-background-overlay\"><\/div>\n\t\t\t\t\t\t\t<div class=\"elementor-container elementor-column-gap-no\">\n\t\t\t\t\t\t\t<div class=\"elementor-row\">\n\t\t\t\t\t<div class=\"elementor-column elementor-col-100 elementor-inner-column elementor-element elementor-element-af99210\" data-id=\"af99210\" data-element_type=\"column\">\n\t\t\t<div class=\"elementor-column-wrap elementor-element-populated\">\n\t\t\t\t\t\t\t<div class=\"elementor-widget-wrap\">\n\t\t\t\t\t\t<div class=\"elementor-element elementor-element-af7c7b5 elementor-posts--align-left elementor-grid-3 elementor-grid-tablet-2 elementor-grid-mobile-1 elementor-posts--thumbnail-top elementor-card-shadow-yes elementor-posts__hover-gradient elementor-widget elementor-widget-posts\" data-id=\"af7c7b5\" data-element_type=\"widget\" data-settings=\"{&quot;pagination_type&quot;:&quot;prev_next&quot;,&quot;cards_columns&quot;:&quot;3&quot;,&quot;cards_columns_tablet&quot;:&quot;2&quot;,&quot;cards_columns_mobile&quot;:&quot;1&quot;,&quot;cards_row_gap&quot;:{&quot;unit&quot;:&quot;px&quot;,&quot;size&quot;:35,&quot;sizes&quot;:[]}}\" data-widget_type=\"posts.cards\">\n\t\t\t\t<div class=\"elementor-widget-container\">\n\t\t\t\t\t<div class=\"elementor-posts-container elementor-posts elementor-posts--skin-cards elementor-grid\">\n\t\t\t\t<article class=\"elementor-post elementor-grid-item post-4325 cpt_1450 type-cpt_1450 status-publish has-post-thumbnail hentry tax_1724-a-louer tax_1508-residentiel\">\n\t\t\t<div class=\"elementor-post__card\">\n\t\t\t\t<a class=\"elementor-post__thumbnail__link\" href=\"https:\/\/mcproperties.ca\/fr\/proprietes\/7615-rue-des-metis-quebec-qc\/\" >\n\t\t\t<div class=\"elementor-post__thumbnail\"><img width=\"300\" height=\"225\" src=\"https:\/\/mcproperties.ca\/wp-content\/uploads\/2023\/02\/7615-Rue-des-Metis-Quebec-QC-1-300x225.jpg\" class=\"attachment-medium size-medium\" alt=\"\" loading=\"lazy\" srcset=\"https:\/\/mcproperties.ca\/wp-content\/uploads\/2023\/02\/7615-Rue-des-Metis-Quebec-QC-1-300x225.jpg 300w, https:\/\/mcproperties.ca\/wp-content\/uploads\/2023\/02\/7615-Rue-des-Metis-Quebec-QC-1-1024x767.jpg 1024w, https:\/\/mcproperties.ca\/wp-content\/uploads\/2023\/02\/7615-Rue-des-Metis-Quebec-QC-1-768x576.jpg 768w, https:\/\/mcproperties.ca\/wp-content\/uploads\/2023\/02\/7615-Rue-des-Metis-Quebec-QC-1.jpg 1265w\" sizes=\"(max-width: 300px) 100vw, 300px\" \/><\/div>\n\t\t<\/a>\n\t\t\t\t<div class=\"elementor-post__badge\">\u00c0 louer<\/div>\n\t\t\t\t<div class=\"elementor-post__text\">\n\t\t\t\t<h3 class=\"elementor-post__title\">\n\t\t\t<a href=\"https:\/\/mcproperties.ca\/fr\/proprietes\/7615-rue-des-metis-quebec-qc\/\" >\n\t\t\t\t7615 Rue des M\u00e9tis, Qu\u00e9bec, QC\t\t\t<\/a>\n\t\t<\/h3>\n\t\t\t\t\t<a class=\"elementor-post__read-more\" href=\"https:\/\/mcproperties.ca\/fr\/proprietes\/7615-rue-des-metis-quebec-qc\/\" >\n\t\t\t\tPLUS DE D\u00c9TAILS  \u00bb\t\t\t<\/a>\n\t\t\t\t<\/div>\n\t\t\t\t\t<\/div>\n\t\t<\/article>\n\t\t\t\t<article class=\"elementor-post elementor-grid-item post-3330 cpt_1450 type-cpt_1450 status-publish has-post-thumbnail hentry tax_1724-a-louer tax_1508-residentiel\">\n\t\t\t<div class=\"elementor-post__card\">\n\t\t\t\t<a class=\"elementor-post__thumbnail__link\" href=\"https:\/\/mcproperties.ca\/fr\/proprietes\/8325-ave-christophe-colomb-montreal-qc\/\" >\n\t\t\t<div class=\"elementor-post__thumbnail\"><img width=\"300\" height=\"200\" src=\"https:\/\/mcproperties.ca\/wp-content\/uploads\/2021\/03\/8325-Ave-Christophe-Colomb-Side-1-300x200.jpg\" class=\"attachment-medium size-medium\" alt=\"\" loading=\"lazy\" srcset=\"https:\/\/mcproperties.ca\/wp-content\/uploads\/2021\/03\/8325-Ave-Christophe-Colomb-Side-1-300x200.jpg 300w, https:\/\/mcproperties.ca\/wp-content\/uploads\/2021\/03\/8325-Ave-Christophe-Colomb-Side-1-768x511.jpg 768w, https:\/\/mcproperties.ca\/wp-content\/uploads\/2021\/03\/8325-Ave-Christophe-Colomb-Side-1.jpg 841w\" sizes=\"(max-width: 300px) 100vw, 300px\" \/><\/div>\n\t\t<\/a>\n\t\t\t\t<div class=\"elementor-post__badge\">\u00c0 louer<\/div>\n\t\t\t\t<div class=\"elementor-post__text\">\n\t\t\t\t<h3 class=\"elementor-post__title\">\n\t\t\t<a href=\"https:\/\/mcproperties.ca\/fr\/proprietes\/8325-ave-christophe-colomb-montreal-qc\/\" >\n\t\t\t\t8325 Ave Christophe-Colomb, Montr\u00e9al, QC\t\t\t<\/a>\n\t\t<\/h3>\n\t\t\t\t\t<a class=\"elementor-post__read-more\" href=\"https:\/\/mcproperties.ca\/fr\/proprietes\/8325-ave-christophe-colomb-montreal-qc\/\" >\n\t\t\t\tPLUS DE D\u00c9TAILS  \u00bb\t\t\t<\/a>\n\t\t\t\t<\/div>\n\t\t\t\t\t<\/div>\n\t\t<\/article>\n\t\t\t\t<article class=\"elementor-post elementor-grid-item post-3315 cpt_1450 type-cpt_1450 status-publish has-post-thumbnail hentry tax_1724-a-louer tax_1508-residentiel\">\n\t\t\t<div class=\"elementor-post__card\">\n\t\t\t\t<a class=\"elementor-post__thumbnail__link\" href=\"https:\/\/mcproperties.ca\/fr\/proprietes\/4535-4557-ave-papineau-montreal-quebec-2\/\" >\n\t\t\t<div class=\"elementor-post__thumbnail\"><img width=\"300\" height=\"200\" src=\"https:\/\/mcproperties.ca\/wp-content\/uploads\/2021\/04\/4555-4557-Ave-Papineau-Front-View-300x200.jpg\" class=\"attachment-medium size-medium\" alt=\"\" loading=\"lazy\" srcset=\"https:\/\/mcproperties.ca\/wp-content\/uploads\/2021\/04\/4555-4557-Ave-Papineau-Front-View-300x200.jpg 300w, https:\/\/mcproperties.ca\/wp-content\/uploads\/2021\/04\/4555-4557-Ave-Papineau-Front-View-768x511.jpg 768w, https:\/\/mcproperties.ca\/wp-content\/uploads\/2021\/04\/4555-4557-Ave-Papineau-Front-View.jpg 841w\" sizes=\"(max-width: 300px) 100vw, 300px\" \/><\/div>\n\t\t<\/a>\n\t\t\t\t<div class=\"elementor-post__badge\">\u00c0 louer<\/div>\n\t\t\t\t<div class=\"elementor-post__text\">\n\t\t\t\t<h3 class=\"elementor-post__title\">\n\t\t\t<a href=\"https:\/\/mcproperties.ca\/fr\/proprietes\/4535-4557-ave-papineau-montreal-quebec-2\/\" >\n\t\t\t\t4555-4557 Ave Papineau Montr\u00e9al, Quebec\t\t\t<\/a>\n\t\t<\/h3>\n\t\t\t\t\t<a class=\"elementor-post__read-more\" href=\"https:\/\/mcproperties.ca\/fr\/proprietes\/4535-4557-ave-papineau-montreal-quebec-2\/\" >\n\t\t\t\tPLUS DE D\u00c9TAILS  \u00bb\t\t\t<\/a>\n\t\t\t\t<\/div>\n\t\t\t\t\t<\/div>\n\t\t<\/article>\n\t\t\t\t<article class=\"elementor-post elementor-grid-item post-3294 cpt_1450 type-cpt_1450 status-publish has-post-thumbnail hentry tax_1724-entierement-louee tax_1508-residentiel\">\n\t\t\t<div class=\"elementor-post__card\">\n\t\t\t\t<a class=\"elementor-post__thumbnail__link\" href=\"https:\/\/mcproperties.ca\/fr\/proprietes\/255-boulevard-binette-st-eustache-qc\/\" >\n\t\t\t<div class=\"elementor-post__thumbnail\"><img width=\"300\" height=\"225\" src=\"https:\/\/mcproperties.ca\/wp-content\/uploads\/2021\/01\/IMG_1117-300x225.jpeg\" class=\"attachment-medium size-medium\" alt=\"\" loading=\"lazy\" srcset=\"https:\/\/mcproperties.ca\/wp-content\/uploads\/2021\/01\/IMG_1117-300x225.jpeg 300w, https:\/\/mcproperties.ca\/wp-content\/uploads\/2021\/01\/IMG_1117-1024x768.jpeg 1024w, https:\/\/mcproperties.ca\/wp-content\/uploads\/2021\/01\/IMG_1117-768x576.jpeg 768w, https:\/\/mcproperties.ca\/wp-content\/uploads\/2021\/01\/IMG_1117-1536x1152.jpeg 1536w, https:\/\/mcproperties.ca\/wp-content\/uploads\/2021\/01\/IMG_1117.jpeg 2048w\" sizes=\"(max-width: 300px) 100vw, 300px\" \/><\/div>\n\t\t<\/a>\n\t\t\t\t<div class=\"elementor-post__badge\">Lou\u00e9<\/div>\n\t\t\t\t<div class=\"elementor-post__text\">\n\t\t\t\t<h3 class=\"elementor-post__title\">\n\t\t\t<a href=\"https:\/\/mcproperties.ca\/fr\/proprietes\/255-boulevard-binette-st-eustache-qc\/\" >\n\t\t\t\t255 Boulevard Binette, St-Eustache, QC\t\t\t<\/a>\n\t\t<\/h3>\n\t\t\t\t\t<a class=\"elementor-post__read-more\" href=\"https:\/\/mcproperties.ca\/fr\/proprietes\/255-boulevard-binette-st-eustache-qc\/\" >\n\t\t\t\tPLUS DE D\u00c9TAILS  \u00bb\t\t\t<\/a>\n\t\t\t\t<\/div>\n\t\t\t\t\t<\/div>\n\t\t<\/article>\n\t\t\t\t<article class=\"elementor-post elementor-grid-item post-3285 cpt_1450 type-cpt_1450 status-publish has-post-thumbnail hentry tax_1724-disponible-a-la-location tax_1508-commercial-fr tax_1508-residentiel\">\n\t\t\t<div class=\"elementor-post__card\">\n\t\t\t\t<a class=\"elementor-post__thumbnail__link\" href=\"https:\/\/mcproperties.ca\/fr\/proprietes\/13854-13860-sherbrooke-e-montreal-pointe-aux-trembles-quebec\/\" >\n\t\t\t<div class=\"elementor-post__thumbnail\"><img width=\"300\" height=\"200\" src=\"https:\/\/mcproperties.ca\/wp-content\/uploads\/2021\/01\/13854-13860-Sherbrooke-East-Front-1-300x200.jpg\" class=\"attachment-medium size-medium\" alt=\"\" loading=\"lazy\" srcset=\"https:\/\/mcproperties.ca\/wp-content\/uploads\/2021\/01\/13854-13860-Sherbrooke-East-Front-1-300x200.jpg 300w, https:\/\/mcproperties.ca\/wp-content\/uploads\/2021\/01\/13854-13860-Sherbrooke-East-Front-1-768x511.jpg 768w, https:\/\/mcproperties.ca\/wp-content\/uploads\/2021\/01\/13854-13860-Sherbrooke-East-Front-1.jpg 841w\" sizes=\"(max-width: 300px) 100vw, 300px\" \/><\/div>\n\t\t<\/a>\n\t\t\t\t<div class=\"elementor-post__badge\">Disponibilites<\/div>\n\t\t\t\t<div class=\"elementor-post__text\">\n\t\t\t\t<h3 class=\"elementor-post__title\">\n\t\t\t<a href=\"https:\/\/mcproperties.ca\/fr\/proprietes\/13854-13860-sherbrooke-e-montreal-pointe-aux-trembles-quebec\/\" >\n\t\t\t\t13854-13860 Sherbrooke E, Montr\u00e9al (Pointe-Aux-Trembles) Qu\u00e9bec\t\t\t<\/a>\n\t\t<\/h3>\n\t\t\t\t\t<a class=\"elementor-post__read-more\" href=\"https:\/\/mcproperties.ca\/fr\/proprietes\/13854-13860-sherbrooke-e-montreal-pointe-aux-trembles-quebec\/\" >\n\t\t\t\tPLUS DE D\u00c9TAILS  \u00bb\t\t\t<\/a>\n\t\t\t\t<\/div>\n\t\t\t\t\t<\/div>\n\t\t<\/article>\n\t\t\t\t<\/div>\n\n\n\t\t\n\t\t\t\t<\/div>\n\t\t\t\t<\/div>\n\t\t\t\t\t\t<\/div>\n\t\t\t\t\t<\/div>\n\t\t<\/div>\n\t\t\t\t\t\t\t\t<\/div>\n\t\t\t\t\t<\/div>\n\t\t<\/section>\n\t\t\t\t<div class=\"elementor-element elementor-element-c345698 elementor-widget elementor-widget-spacer\" data-id=\"c345698\" data-element_type=\"widget\" data-widget_type=\"spacer.default\">\n\t\t\t\t<div class=\"elementor-widget-container\">\n\t\t\t\t\t<div class=\"elementor-spacer\">\n\t\t\t<div class=\"elementor-spacer-inner\"><\/div>\n\t\t<\/div>\n\t\t\t\t<\/div>\n\t\t\t\t<\/div>\n\t\t\t\t\t\t<\/div>\n\t\t\t\t\t<\/div>\n\t\t<\/div>\n\t\t\t\t\t\t\t\t<\/div>\n\t\t\t\t\t<\/div>\n\t\t<\/section>\n\t\t\t\t\t\t<\/div>\n\t\t\t\t\t\t<\/div>\n\t\t\t\t\t<\/div>\n\t\t","protected":false},"excerpt":{"rendered":"<p>RESIDENTIEL<\/p>\n","protected":false},"author":1,"featured_media":0,"parent":0,"menu_order":0,"comment_status":"closed","ping_status":"closed","template":"elementor_header_footer","meta":[],"tax_1724":[],"tax_1508":[],"_links":{"self":[{"href":"https:\/\/mcproperties.ca\/fr\/wp-json\/wp\/v2\/pages\/3345"}],"collection":[{"href":"https:\/\/mcproperties.ca\/fr\/wp-json\/wp\/v2\/pages"}],"about":[{"href":"https:\/\/mcproperties.ca\/fr\/wp-json\/wp\/v2\/types\/page"}],"author":[{"embeddable":true,"href":"https:\/\/mcproperties.ca\/fr\/wp-json\/wp\/v2\/users\/1"}],"replies":[{"embeddable":true,"href":"https:\/\/mcproperties.ca\/fr\/wp-json\/wp\/v2\/comments?post=3345"}],"version-history":[{"count":0,"href":"https:\/\/mcproperties.ca\/fr\/wp-json\/wp\/v2\/pages\/3345\/revisions"}],"wp:attachment":[{"href":"https:\/\/mcproperties.ca\/fr\/wp-json\/wp\/v2\/media?parent=3345"}],"wp:term":[{"taxonomy":"tax_1724","embeddable":true,"href":"https:\/\/mcproperties.ca\/fr\/wp-json\/wp\/v2\/tax_1724?post=3345"},{"taxonomy":"tax_1508","embeddable":true,"href":"https:\/\/mcproperties.ca\/fr\/wp-json\/wp\/v2\/tax_1508?post=3345"}],"curies":[{"name":"wp","href":"https:\/\/api.w.org\/{rel}","templated":true}]}}