{"id":3351,"date":"2021-05-23T20:06:07","date_gmt":"2021-05-24T00:06:07","guid":{"rendered":"http:\/\/mcproperties.ca\/?page_id=3351"},"modified":"2021-05-24T08:17:49","modified_gmt":"2021-05-24T12:17:49","slug":"locations","status":"publish","type":"page","link":"https:\/\/mcproperties.ca\/fr\/locations\/","title":{"rendered":"LOCATIONS"},"content":{"rendered":"\t\t<div data-elementor-type=\"wp-page\" data-elementor-id=\"3351\" class=\"elementor elementor-3351 elementor-44\" data-elementor-settings=\"[]\">\n\t\t\t\t\t\t<div class=\"elementor-inner\">\n\t\t\t\t\t\t\t<div class=\"elementor-section-wrap\">\n\t\t\t\t\t\t\t<section data-particle_enable=\"false\" data-particle-mobile-disabled=\"false\" class=\"elementor-section elementor-top-section elementor-element elementor-element-12e9213 elementor-section-full_width elementor-section-content-middle elementor-section-height-min-height elementor-section-height-default elementor-section-items-middle\" data-id=\"12e9213\" data-element_type=\"section\" data-settings=\"{&quot;background_background&quot;:&quot;classic&quot;,&quot;background_motion_fx_translateY_effect&quot;:&quot;yes&quot;,&quot;background_motion_fx_translateY_affectedRange&quot;:{&quot;unit&quot;:&quot;%&quot;,&quot;size&quot;:&quot;&quot;,&quot;sizes&quot;:{&quot;start&quot;:3,&quot;end&quot;:85}},&quot;background_motion_fx_translateX_effect&quot;:&quot;yes&quot;,&quot;background_motion_fx_translateX_speed&quot;:{&quot;unit&quot;:&quot;px&quot;,&quot;size&quot;:&quot;&quot;,&quot;sizes&quot;:[]},&quot;background_motion_fx_motion_fx_scrolling&quot;:&quot;yes&quot;,&quot;background_motion_fx_translateY_speed&quot;:{&quot;unit&quot;:&quot;px&quot;,&quot;size&quot;:4,&quot;sizes&quot;:[]},&quot;background_motion_fx_translateX_affectedRange&quot;:{&quot;unit&quot;:&quot;%&quot;,&quot;size&quot;:&quot;&quot;,&quot;sizes&quot;:{&quot;start&quot;:0,&quot;end&quot;:100}},&quot;background_motion_fx_devices&quot;:[&quot;desktop&quot;,&quot;tablet&quot;,&quot;mobile&quot;]}\">\n\t\t\t\t\t\t\t<div class=\"elementor-background-overlay\"><\/div>\n\t\t\t\t\t\t\t<div class=\"elementor-container elementor-column-gap-no\">\n\t\t\t\t\t\t\t<div class=\"elementor-row\">\n\t\t\t\t\t<div class=\"elementor-column elementor-col-100 elementor-top-column elementor-element elementor-element-d461e52\" data-id=\"d461e52\" data-element_type=\"column\">\n\t\t\t<div class=\"elementor-column-wrap elementor-element-populated\">\n\t\t\t\t\t\t\t<div class=\"elementor-widget-wrap\">\n\t\t\t\t\t\t<section data-particle_enable=\"false\" data-particle-mobile-disabled=\"false\" class=\"elementor-section elementor-inner-section elementor-element elementor-element-1f9d3db elementor-section-content-middle elementor-section-boxed elementor-section-height-default elementor-section-height-default\" data-id=\"1f9d3db\" data-element_type=\"section\">\n\t\t\t\t\t\t<div class=\"elementor-container elementor-column-gap-no\">\n\t\t\t\t\t\t\t<div class=\"elementor-row\">\n\t\t\t\t\t<div class=\"elementor-column elementor-col-100 elementor-inner-column elementor-element elementor-element-fc8fa26\" data-id=\"fc8fa26\" data-element_type=\"column\">\n\t\t\t<div class=\"elementor-column-wrap elementor-element-populated\">\n\t\t\t\t\t\t\t<div class=\"elementor-widget-wrap\">\n\t\t\t\t\t\t<div class=\"elementor-element elementor-element-4f6e455 elementor-widget elementor-widget-heading\" data-id=\"4f6e455\" data-element_type=\"widget\" data-widget_type=\"heading.default\">\n\t\t\t\t<div class=\"elementor-widget-container\">\n\t\t\t<h1 class=\"elementor-heading-title elementor-size-default\">DISPONIBILIT\u00c9S <\/h1>\t\t<\/div>\n\t\t\t\t<\/div>\n\t\t\t\t\t\t<\/div>\n\t\t\t\t\t<\/div>\n\t\t<\/div>\n\t\t\t\t\t\t\t\t<\/div>\n\t\t\t\t\t<\/div>\n\t\t<\/section>\n\t\t\t\t\t\t<\/div>\n\t\t\t\t\t<\/div>\n\t\t<\/div>\n\t\t\t\t\t\t\t\t<\/div>\n\t\t\t\t\t<\/div>\n\t\t<\/section>\n\t\t\t\t<section data-particle_enable=\"false\" data-particle-mobile-disabled=\"false\" class=\"elementor-section elementor-top-section elementor-element elementor-element-f8f5280 elementor-section-boxed elementor-section-height-default elementor-section-height-default\" data-id=\"f8f5280\" data-element_type=\"section\">\n\t\t\t\t\t\t<div class=\"elementor-container elementor-column-gap-no\">\n\t\t\t\t\t\t\t<div class=\"elementor-row\">\n\t\t\t\t\t<div class=\"elementor-column elementor-col-100 elementor-top-column elementor-element elementor-element-4aefbce\" data-id=\"4aefbce\" data-element_type=\"column\" data-settings=\"{&quot;background_background&quot;:&quot;classic&quot;}\">\n\t\t\t<div class=\"elementor-column-wrap elementor-element-populated\">\n\t\t\t\t\t\t\t<div class=\"elementor-widget-wrap\">\n\t\t\t\t\t\t<section data-particle_enable=\"false\" data-particle-mobile-disabled=\"false\" class=\"elementor-section elementor-inner-section elementor-element elementor-element-8c36e87 elementor-section-boxed elementor-section-height-default elementor-section-height-default\" data-id=\"8c36e87\" data-element_type=\"section\" data-settings=\"{&quot;background_background&quot;:&quot;classic&quot;}\">\n\t\t\t\t\t\t\t<div class=\"elementor-background-overlay\"><\/div>\n\t\t\t\t\t\t\t<div class=\"elementor-container elementor-column-gap-no\">\n\t\t\t\t\t\t\t<div class=\"elementor-row\">\n\t\t\t\t\t<div class=\"elementor-column elementor-col-100 elementor-inner-column elementor-element elementor-element-37ed7be\" data-id=\"37ed7be\" data-element_type=\"column\">\n\t\t\t<div class=\"elementor-column-wrap elementor-element-populated\">\n\t\t\t\t\t\t\t<div class=\"elementor-widget-wrap\">\n\t\t\t\t\t\t<div class=\"elementor-element elementor-element-732155b elementor-grid-3 elementor-grid-tablet-2 elementor-grid-mobile-1 elementor-widget elementor-widget-portfolio\" data-id=\"732155b\" data-element_type=\"widget\" data-settings=\"{&quot;row_gap&quot;:{&quot;unit&quot;:&quot;px&quot;,&quot;size&quot;:23,&quot;sizes&quot;:[]},&quot;columns&quot;:&quot;3&quot;,&quot;columns_tablet&quot;:&quot;2&quot;,&quot;columns_mobile&quot;:&quot;1&quot;,&quot;item_ratio&quot;:{&quot;unit&quot;:&quot;px&quot;,&quot;size&quot;:0.66,&quot;sizes&quot;:[]},&quot;item_gap&quot;:{&quot;unit&quot;:&quot;px&quot;,&quot;size&quot;:&quot;&quot;,&quot;sizes&quot;:[]}}\" data-widget_type=\"portfolio.default\">\n\t\t\t\t<div class=\"elementor-widget-container\">\n\t\t\t\t\t<ul class=\"elementor-portfolio__filters\">\n\t\t\t<li class=\"elementor-portfolio__filter elementor-active\" data-filter=\"__all\">All<\/li>\n\t\t\t\t\t\t\t<li class=\"elementor-portfolio__filter\" data-filter=\"52\">Bureau<\/li>\n\t\t\t\t\t\t\t<li class=\"elementor-portfolio__filter\" data-filter=\"51\">Commercial<\/li>\n\t\t\t\t\t\t\t<li class=\"elementor-portfolio__filter\" data-filter=\"53\">R\u00e9sidentiel<\/li>\n\t\t\t\t\t<\/ul>\n\t\t\t\t<div class=\"elementor-portfolio elementor-grid elementor-posts-container\">\n\t\t\t\t<article class=\"elementor-portfolio-item elementor-post elementor-filter-53 post-4325 cpt_1450 type-cpt_1450 status-publish has-post-thumbnail hentry tax_1724-a-louer tax_1508-residentiel\">\n\t\t\t<a class=\"elementor-post__thumbnail__link\" href=\"https:\/\/mcproperties.ca\/fr\/proprietes\/7615-rue-des-metis-quebec-qc\/\">\n\t\t\t\t<div class=\"elementor-portfolio-item__img elementor-post__thumbnail\">\n\t\t\t<img width=\"300\" height=\"225\" src=\"https:\/\/mcproperties.ca\/wp-content\/uploads\/2023\/02\/7615-Rue-des-Metis-Quebec-QC-1-300x225.jpg\" class=\"attachment-medium size-medium\" alt=\"\" loading=\"lazy\" srcset=\"https:\/\/mcproperties.ca\/wp-content\/uploads\/2023\/02\/7615-Rue-des-Metis-Quebec-QC-1-300x225.jpg 300w, https:\/\/mcproperties.ca\/wp-content\/uploads\/2023\/02\/7615-Rue-des-Metis-Quebec-QC-1-1024x767.jpg 1024w, https:\/\/mcproperties.ca\/wp-content\/uploads\/2023\/02\/7615-Rue-des-Metis-Quebec-QC-1-768x576.jpg 768w, https:\/\/mcproperties.ca\/wp-content\/uploads\/2023\/02\/7615-Rue-des-Metis-Quebec-QC-1.jpg 1265w\" sizes=\"(max-width: 300px) 100vw, 300px\" \/>\t\t<\/div>\n\t\t\t\t<div class=\"elementor-portfolio-item__overlay\">\n\t\t\t\t<h3 class=\"elementor-portfolio-item__title\">\n\t\t7615 Rue des M\u00e9tis, Qu\u00e9bec, QC\t\t<\/h3>\n\t\t\t\t<\/div>\n\t\t\t\t<\/a>\n\t\t<\/article>\n\t\t\t\t<article class=\"elementor-portfolio-item elementor-post elementor-filter-52 post-4297 cpt_1450 type-cpt_1450 status-publish has-post-thumbnail hentry tax_1724-disponible-a-la-location tax_1508-bureau\">\n\t\t\t<a class=\"elementor-post__thumbnail__link\" href=\"https:\/\/mcproperties.ca\/fr\/proprietes\/81-83-rue-turgeon-sainte-therese-quebec\/\">\n\t\t\t\t<div class=\"elementor-portfolio-item__img elementor-post__thumbnail\">\n\t\t\t<img width=\"300\" height=\"200\" src=\"https:\/\/mcproperties.ca\/wp-content\/uploads\/2023\/02\/81-Rue-TurgeonSainte-Therese-QC-J7E-3H7-Canada-300x200.jpg\" class=\"attachment-medium size-medium\" alt=\"\" loading=\"lazy\" srcset=\"https:\/\/mcproperties.ca\/wp-content\/uploads\/2023\/02\/81-Rue-TurgeonSainte-Therese-QC-J7E-3H7-Canada-300x200.jpg 300w, https:\/\/mcproperties.ca\/wp-content\/uploads\/2023\/02\/81-Rue-TurgeonSainte-Therese-QC-J7E-3H7-Canada-1024x682.jpg 1024w, https:\/\/mcproperties.ca\/wp-content\/uploads\/2023\/02\/81-Rue-TurgeonSainte-Therese-QC-J7E-3H7-Canada-768x512.jpg 768w, https:\/\/mcproperties.ca\/wp-content\/uploads\/2023\/02\/81-Rue-TurgeonSainte-Therese-QC-J7E-3H7-Canada-1536x1023.jpg 1536w, https:\/\/mcproperties.ca\/wp-content\/uploads\/2023\/02\/81-Rue-TurgeonSainte-Therese-QC-J7E-3H7-Canada.jpg 1783w\" sizes=\"(max-width: 300px) 100vw, 300px\" \/>\t\t<\/div>\n\t\t\t\t<div class=\"elementor-portfolio-item__overlay\">\n\t\t\t\t<h3 class=\"elementor-portfolio-item__title\">\n\t\t81 &#8211; 83 Rue Turgeon Sainte-Th\u00e9r\u00e8se, Quebec\t\t<\/h3>\n\t\t\t\t<\/div>\n\t\t\t\t<\/a>\n\t\t<\/article>\n\t\t\t\t<article class=\"elementor-portfolio-item elementor-post elementor-filter-53 post-3330 cpt_1450 type-cpt_1450 status-publish has-post-thumbnail hentry tax_1724-a-louer tax_1508-residentiel\">\n\t\t\t<a class=\"elementor-post__thumbnail__link\" href=\"https:\/\/mcproperties.ca\/fr\/proprietes\/8325-ave-christophe-colomb-montreal-qc\/\">\n\t\t\t\t<div class=\"elementor-portfolio-item__img elementor-post__thumbnail\">\n\t\t\t<img width=\"300\" height=\"200\" src=\"https:\/\/mcproperties.ca\/wp-content\/uploads\/2021\/03\/8325-Ave-Christophe-Colomb-Side-1-300x200.jpg\" class=\"attachment-medium size-medium\" alt=\"\" loading=\"lazy\" srcset=\"https:\/\/mcproperties.ca\/wp-content\/uploads\/2021\/03\/8325-Ave-Christophe-Colomb-Side-1-300x200.jpg 300w, https:\/\/mcproperties.ca\/wp-content\/uploads\/2021\/03\/8325-Ave-Christophe-Colomb-Side-1-768x511.jpg 768w, https:\/\/mcproperties.ca\/wp-content\/uploads\/2021\/03\/8325-Ave-Christophe-Colomb-Side-1.jpg 841w\" sizes=\"(max-width: 300px) 100vw, 300px\" \/>\t\t<\/div>\n\t\t\t\t<div class=\"elementor-portfolio-item__overlay\">\n\t\t\t\t<h3 class=\"elementor-portfolio-item__title\">\n\t\t8325 Ave Christophe-Colomb, Montr\u00e9al, QC\t\t<\/h3>\n\t\t\t\t<\/div>\n\t\t\t\t<\/a>\n\t\t<\/article>\n\t\t\t\t<article class=\"elementor-portfolio-item elementor-post elementor-filter-52 post-3320 cpt_1450 type-cpt_1450 status-publish has-post-thumbnail hentry tax_1724-disponible-a-la-location tax_1508-bureau\">\n\t\t\t<a class=\"elementor-post__thumbnail__link\" href=\"https:\/\/mcproperties.ca\/fr\/proprietes\/6000-cote-des-neiges-rd-montreal-quebec\/\">\n\t\t\t\t<div class=\"elementor-portfolio-item__img elementor-post__thumbnail\">\n\t\t\t<img width=\"300\" height=\"200\" src=\"https:\/\/mcproperties.ca\/wp-content\/uploads\/2020\/08\/6000-Code-Des-Neiges-Outside-300x200.jpg\" class=\"attachment-medium size-medium\" alt=\"\" loading=\"lazy\" srcset=\"https:\/\/mcproperties.ca\/wp-content\/uploads\/2020\/08\/6000-Code-Des-Neiges-Outside-300x200.jpg 300w, https:\/\/mcproperties.ca\/wp-content\/uploads\/2020\/08\/6000-Code-Des-Neiges-Outside-1024x682.jpg 1024w, https:\/\/mcproperties.ca\/wp-content\/uploads\/2020\/08\/6000-Code-Des-Neiges-Outside-768x512.jpg 768w, https:\/\/mcproperties.ca\/wp-content\/uploads\/2020\/08\/6000-Code-Des-Neiges-Outside-1536x1023.jpg 1536w, https:\/\/mcproperties.ca\/wp-content\/uploads\/2020\/08\/6000-Code-Des-Neiges-Outside.jpg 1600w\" sizes=\"(max-width: 300px) 100vw, 300px\" \/>\t\t<\/div>\n\t\t\t\t<div class=\"elementor-portfolio-item__overlay\">\n\t\t\t\t<h3 class=\"elementor-portfolio-item__title\">\n\t\t6000 C\u00f4te-des-Neiges, Montr\u00e9al Qu\u00e9bec\t\t<\/h3>\n\t\t\t\t<\/div>\n\t\t\t\t<\/a>\n\t\t<\/article>\n\t\t\t\t<article class=\"elementor-portfolio-item elementor-post elementor-filter-52 elementor-filter-51 post-3318 cpt_1450 type-cpt_1450 status-publish has-post-thumbnail hentry tax_1724-disponible-a-la-location tax_1508-bureau tax_1508-commercial-fr\">\n\t\t\t<a class=\"elementor-post__thumbnail__link\" href=\"https:\/\/mcproperties.ca\/fr\/proprietes\/5872-boul-leger-montreal-nord-quebec\/\">\n\t\t\t\t<div class=\"elementor-portfolio-item__img elementor-post__thumbnail\">\n\t\t\t<img width=\"300\" height=\"200\" src=\"https:\/\/mcproperties.ca\/wp-content\/uploads\/2020\/08\/5872-Boul-Leger-Montreal-Nord-Quebec-Outside-1-300x200.jpg\" class=\"attachment-medium size-medium\" alt=\"\" loading=\"lazy\" srcset=\"https:\/\/mcproperties.ca\/wp-content\/uploads\/2020\/08\/5872-Boul-Leger-Montreal-Nord-Quebec-Outside-1-300x200.jpg 300w, https:\/\/mcproperties.ca\/wp-content\/uploads\/2020\/08\/5872-Boul-Leger-Montreal-Nord-Quebec-Outside-1-768x512.jpg 768w, https:\/\/mcproperties.ca\/wp-content\/uploads\/2020\/08\/5872-Boul-Leger-Montreal-Nord-Quebec-Outside-1.jpg 1024w\" sizes=\"(max-width: 300px) 100vw, 300px\" \/>\t\t<\/div>\n\t\t\t\t<div class=\"elementor-portfolio-item__overlay\">\n\t\t\t\t<h3 class=\"elementor-portfolio-item__title\">\n\t\t5872 Boul Leger, Montr\u00e9al-Nord Quebec\t\t<\/h3>\n\t\t\t\t<\/div>\n\t\t\t\t<\/a>\n\t\t<\/article>\n\t\t\t\t<article class=\"elementor-portfolio-item elementor-post elementor-filter-53 post-3315 cpt_1450 type-cpt_1450 status-publish has-post-thumbnail hentry tax_1724-a-louer tax_1508-residentiel\">\n\t\t\t<a class=\"elementor-post__thumbnail__link\" href=\"https:\/\/mcproperties.ca\/fr\/proprietes\/4535-4557-ave-papineau-montreal-quebec-2\/\">\n\t\t\t\t<div class=\"elementor-portfolio-item__img elementor-post__thumbnail\">\n\t\t\t<img width=\"300\" height=\"200\" src=\"https:\/\/mcproperties.ca\/wp-content\/uploads\/2021\/04\/4555-4557-Ave-Papineau-Front-View-300x200.jpg\" class=\"attachment-medium size-medium\" alt=\"\" loading=\"lazy\" srcset=\"https:\/\/mcproperties.ca\/wp-content\/uploads\/2021\/04\/4555-4557-Ave-Papineau-Front-View-300x200.jpg 300w, https:\/\/mcproperties.ca\/wp-content\/uploads\/2021\/04\/4555-4557-Ave-Papineau-Front-View-768x511.jpg 768w, https:\/\/mcproperties.ca\/wp-content\/uploads\/2021\/04\/4555-4557-Ave-Papineau-Front-View.jpg 841w\" sizes=\"(max-width: 300px) 100vw, 300px\" \/>\t\t<\/div>\n\t\t\t\t<div class=\"elementor-portfolio-item__overlay\">\n\t\t\t\t<h3 class=\"elementor-portfolio-item__title\">\n\t\t4555-4557 Ave Papineau Montr\u00e9al, Quebec\t\t<\/h3>\n\t\t\t\t<\/div>\n\t\t\t\t<\/a>\n\t\t<\/article>\n\t\t\t\t<article class=\"elementor-portfolio-item elementor-post elementor-filter-52 post-3308 cpt_1450 type-cpt_1450 status-publish has-post-thumbnail hentry tax_1724-disponible-a-la-location tax_1508-bureau\">\n\t\t\t<a class=\"elementor-post__thumbnail__link\" href=\"https:\/\/mcproperties.ca\/fr\/proprietes\/3737-boul-cremazie-e-montreal-quebec\/\">\n\t\t\t\t<div class=\"elementor-portfolio-item__img elementor-post__thumbnail\">\n\t\t\t<img width=\"300\" height=\"200\" src=\"https:\/\/mcproperties.ca\/wp-content\/uploads\/2020\/08\/3737-300x200.jpg\" class=\"attachment-medium size-medium\" alt=\"\" loading=\"lazy\" srcset=\"https:\/\/mcproperties.ca\/wp-content\/uploads\/2020\/08\/3737-300x200.jpg 300w, https:\/\/mcproperties.ca\/wp-content\/uploads\/2020\/08\/3737-768x512.jpg 768w, https:\/\/mcproperties.ca\/wp-content\/uploads\/2020\/08\/3737.jpg 904w\" sizes=\"(max-width: 300px) 100vw, 300px\" \/>\t\t<\/div>\n\t\t\t\t<div class=\"elementor-portfolio-item__overlay\">\n\t\t\t\t<h3 class=\"elementor-portfolio-item__title\">\n\t\t3737 Boul Cr\u00e9mazie E, Montr\u00e9al Qu\u00e9bec\t\t<\/h3>\n\t\t\t\t<\/div>\n\t\t\t\t<\/a>\n\t\t<\/article>\n\t\t\t\t<article class=\"elementor-portfolio-item elementor-post elementor-filter-52 post-3304 cpt_1450 type-cpt_1450 status-publish has-post-thumbnail hentry tax_1724-disponible-a-la-location tax_1508-bureau\">\n\t\t\t<a class=\"elementor-post__thumbnail__link\" href=\"https:\/\/mcproperties.ca\/fr\/proprietes\/3635-3675-boul-grande-allee-boisbriand-quebec\/\">\n\t\t\t\t<div class=\"elementor-portfolio-item__img elementor-post__thumbnail\">\n\t\t\t<img width=\"300\" height=\"200\" src=\"https:\/\/mcproperties.ca\/wp-content\/uploads\/2020\/08\/3675-Grande-Allee-Boisbriand-Quebec-Outside-1.1-300x200.jpg\" class=\"attachment-medium size-medium\" alt=\"\" loading=\"lazy\" srcset=\"https:\/\/mcproperties.ca\/wp-content\/uploads\/2020\/08\/3675-Grande-Allee-Boisbriand-Quebec-Outside-1.1-300x200.jpg 300w, https:\/\/mcproperties.ca\/wp-content\/uploads\/2020\/08\/3675-Grande-Allee-Boisbriand-Quebec-Outside-1.1-768x511.jpg 768w, https:\/\/mcproperties.ca\/wp-content\/uploads\/2020\/08\/3675-Grande-Allee-Boisbriand-Quebec-Outside-1.1.jpg 841w\" sizes=\"(max-width: 300px) 100vw, 300px\" \/>\t\t<\/div>\n\t\t\t\t<div class=\"elementor-portfolio-item__overlay\">\n\t\t\t\t<h3 class=\"elementor-portfolio-item__title\">\n\t\t3635 \u2013 3675 Boul Grande All\u00e9e, Boisbriand Qu\u00e9bec\t\t<\/h3>\n\t\t\t\t<\/div>\n\t\t\t\t<\/a>\n\t\t<\/article>\n\t\t\t\t<article class=\"elementor-portfolio-item elementor-post elementor-filter-52 elementor-filter-51 post-3290 cpt_1450 type-cpt_1450 status-publish has-post-thumbnail hentry tax_1724-disponible-a-la-location tax_1508-bureau tax_1508-commercial-fr\">\n\t\t\t<a class=\"elementor-post__thumbnail__link\" href=\"https:\/\/mcproperties.ca\/fr\/proprietes\/160-180-boulevard-danjou-chateauguay-quebec\/\">\n\t\t\t\t<div class=\"elementor-portfolio-item__img elementor-post__thumbnail\">\n\t\t\t<img width=\"300\" height=\"200\" src=\"https:\/\/mcproperties.ca\/wp-content\/uploads\/2021\/01\/160-180-Boulevard-dAnjou-Front-2-300x200.jpg\" class=\"attachment-medium size-medium\" alt=\"\" loading=\"lazy\" srcset=\"https:\/\/mcproperties.ca\/wp-content\/uploads\/2021\/01\/160-180-Boulevard-dAnjou-Front-2-300x200.jpg 300w, https:\/\/mcproperties.ca\/wp-content\/uploads\/2021\/01\/160-180-Boulevard-dAnjou-Front-2-768x511.jpg 768w, https:\/\/mcproperties.ca\/wp-content\/uploads\/2021\/01\/160-180-Boulevard-dAnjou-Front-2.jpg 841w\" sizes=\"(max-width: 300px) 100vw, 300px\" \/>\t\t<\/div>\n\t\t\t\t<div class=\"elementor-portfolio-item__overlay\">\n\t\t\t\t<h3 class=\"elementor-portfolio-item__title\">\n\t\t160 \u2013 180 Boulevard d\u2019Anjou Ch\u00e2teauguay, Qu\u00e9bec\t\t<\/h3>\n\t\t\t\t<\/div>\n\t\t\t\t<\/a>\n\t\t<\/article>\n\t\t\t\t<article class=\"elementor-portfolio-item elementor-post elementor-filter-51 elementor-filter-53 post-3285 cpt_1450 type-cpt_1450 status-publish has-post-thumbnail hentry tax_1724-disponible-a-la-location tax_1508-commercial-fr tax_1508-residentiel\">\n\t\t\t<a class=\"elementor-post__thumbnail__link\" href=\"https:\/\/mcproperties.ca\/fr\/proprietes\/13854-13860-sherbrooke-e-montreal-pointe-aux-trembles-quebec\/\">\n\t\t\t\t<div class=\"elementor-portfolio-item__img elementor-post__thumbnail\">\n\t\t\t<img width=\"300\" height=\"200\" src=\"https:\/\/mcproperties.ca\/wp-content\/uploads\/2021\/01\/13854-13860-Sherbrooke-East-Front-1-300x200.jpg\" class=\"attachment-medium size-medium\" alt=\"\" loading=\"lazy\" srcset=\"https:\/\/mcproperties.ca\/wp-content\/uploads\/2021\/01\/13854-13860-Sherbrooke-East-Front-1-300x200.jpg 300w, https:\/\/mcproperties.ca\/wp-content\/uploads\/2021\/01\/13854-13860-Sherbrooke-East-Front-1-768x511.jpg 768w, https:\/\/mcproperties.ca\/wp-content\/uploads\/2021\/01\/13854-13860-Sherbrooke-East-Front-1.jpg 841w\" sizes=\"(max-width: 300px) 100vw, 300px\" \/>\t\t<\/div>\n\t\t\t\t<div class=\"elementor-portfolio-item__overlay\">\n\t\t\t\t<h3 class=\"elementor-portfolio-item__title\">\n\t\t13854-13860 Sherbrooke E, Montr\u00e9al (Pointe-Aux-Trembles) Qu\u00e9bec\t\t<\/h3>\n\t\t\t\t<\/div>\n\t\t\t\t<\/a>\n\t\t<\/article>\n\t\t\t\t<article class=\"elementor-portfolio-item elementor-post elementor-filter-52 elementor-filter-51 post-3283 cpt_1450 type-cpt_1450 status-publish has-post-thumbnail hentry tax_1724-disponible-a-la-location tax_1508-bureau tax_1508-commercial-fr\">\n\t\t\t<a class=\"elementor-post__thumbnail__link\" href=\"https:\/\/mcproperties.ca\/fr\/proprietes\/13200-metropolitain-est-montreal-point-aux-trembles-quebec\/\">\n\t\t\t\t<div class=\"elementor-portfolio-item__img elementor-post__thumbnail\">\n\t\t\t<img width=\"300\" height=\"200\" src=\"https:\/\/mcproperties.ca\/wp-content\/uploads\/2020\/08\/0U3A3197-300x200.jpg\" class=\"attachment-medium size-medium\" alt=\"\" loading=\"lazy\" srcset=\"https:\/\/mcproperties.ca\/wp-content\/uploads\/2020\/08\/0U3A3197-300x200.jpg 300w, https:\/\/mcproperties.ca\/wp-content\/uploads\/2020\/08\/0U3A3197-1024x683.jpg 1024w, https:\/\/mcproperties.ca\/wp-content\/uploads\/2020\/08\/0U3A3197-768x512.jpg 768w, https:\/\/mcproperties.ca\/wp-content\/uploads\/2020\/08\/0U3A3197-1536x1024.jpg 1536w, https:\/\/mcproperties.ca\/wp-content\/uploads\/2020\/08\/0U3A3197-2048x1365.jpg 2048w\" sizes=\"(max-width: 300px) 100vw, 300px\" \/>\t\t<\/div>\n\t\t\t\t<div class=\"elementor-portfolio-item__overlay\">\n\t\t\t\t<h3 class=\"elementor-portfolio-item__title\">\n\t\t13200 M\u00e9tropolitain Est, Montr\u00e9al (Point-Aux-Trembles) Qu\u00e9bec\t\t<\/h3>\n\t\t\t\t<\/div>\n\t\t\t\t<\/a>\n\t\t<\/article>\n\t\t\t\t<article class=\"elementor-portfolio-item elementor-post elementor-filter-52 post-3230 cpt_1450 type-cpt_1450 status-publish has-post-thumbnail hentry tax_1724-a-louer tax_1724-disponible-a-la-location tax_1508-bureau\">\n\t\t\t<a class=\"elementor-post__thumbnail__link\" href=\"https:\/\/mcproperties.ca\/fr\/proprietes\/1100-boulevard-cremazie-est-montreal-quebec\/\">\n\t\t\t\t<div class=\"elementor-portfolio-item__img elementor-post__thumbnail\">\n\t\t\t<img width=\"300\" height=\"200\" src=\"https:\/\/mcproperties.ca\/wp-content\/uploads\/2020\/08\/1100-Cremazie-300x200.jpg\" class=\"attachment-medium size-medium\" alt=\"\" loading=\"lazy\" srcset=\"https:\/\/mcproperties.ca\/wp-content\/uploads\/2020\/08\/1100-Cremazie-300x200.jpg 300w, https:\/\/mcproperties.ca\/wp-content\/uploads\/2020\/08\/1100-Cremazie-1024x682.jpg 1024w, https:\/\/mcproperties.ca\/wp-content\/uploads\/2020\/08\/1100-Cremazie-768x512.jpg 768w, https:\/\/mcproperties.ca\/wp-content\/uploads\/2020\/08\/1100-Cremazie-1536x1023.jpg 1536w, https:\/\/mcproperties.ca\/wp-content\/uploads\/2020\/08\/1100-Cremazie-2048x1364.jpg 2048w\" sizes=\"(max-width: 300px) 100vw, 300px\" \/>\t\t<\/div>\n\t\t\t\t<div class=\"elementor-portfolio-item__overlay\">\n\t\t\t\t<h3 class=\"elementor-portfolio-item__title\">\n\t\t1100 Boulevard Cr\u00e9mazie Est Montr\u00e9al, Qu\u00e9bec\t\t<\/h3>\n\t\t\t\t<\/div>\n\t\t\t\t<\/a>\n\t\t<\/article>\n\t\t\t\t<\/div>\n\t\t\t\t<\/div>\n\t\t\t\t<\/div>\n\t\t\t\t\t\t<\/div>\n\t\t\t\t\t<\/div>\n\t\t<\/div>\n\t\t\t\t\t\t\t\t<\/div>\n\t\t\t\t\t<\/div>\n\t\t<\/section>\n\t\t\t\t<div class=\"elementor-element elementor-element-f793f1c elementor-widget elementor-widget-spacer\" data-id=\"f793f1c\" data-element_type=\"widget\" data-widget_type=\"spacer.default\">\n\t\t\t\t<div class=\"elementor-widget-container\">\n\t\t\t\t\t<div class=\"elementor-spacer\">\n\t\t\t<div class=\"elementor-spacer-inner\"><\/div>\n\t\t<\/div>\n\t\t\t\t<\/div>\n\t\t\t\t<\/div>\n\t\t\t\t\t\t<\/div>\n\t\t\t\t\t<\/div>\n\t\t<\/div>\n\t\t\t\t\t\t\t\t<\/div>\n\t\t\t\t\t<\/div>\n\t\t<\/section>\n\t\t\t\t\t\t<\/div>\n\t\t\t\t\t\t<\/div>\n\t\t\t\t\t<\/div>\n\t\t","protected":false},"excerpt":{"rendered":"<p>DISPONIBILIT\u00c9S<\/p>\n","protected":false},"author":1,"featured_media":0,"parent":0,"menu_order":0,"comment_status":"closed","ping_status":"closed","template":"elementor_header_footer","meta":[],"tax_1724":[],"tax_1508":[],"_links":{"self":[{"href":"https:\/\/mcproperties.ca\/fr\/wp-json\/wp\/v2\/pages\/3351"}],"collection":[{"href":"https:\/\/mcproperties.ca\/fr\/wp-json\/wp\/v2\/pages"}],"about":[{"href":"https:\/\/mcproperties.ca\/fr\/wp-json\/wp\/v2\/types\/page"}],"author":[{"embeddable":true,"href":"https:\/\/mcproperties.ca\/fr\/wp-json\/wp\/v2\/users\/1"}],"replies":[{"embeddable":true,"href":"https:\/\/mcproperties.ca\/fr\/wp-json\/wp\/v2\/comments?post=3351"}],"version-history":[{"count":0,"href":"https:\/\/mcproperties.ca\/fr\/wp-json\/wp\/v2\/pages\/3351\/revisions"}],"wp:attachment":[{"href":"https:\/\/mcproperties.ca\/fr\/wp-json\/wp\/v2\/media?parent=3351"}],"wp:term":[{"taxonomy":"tax_1724","embeddable":true,"href":"https:\/\/mcproperties.ca\/fr\/wp-json\/wp\/v2\/tax_1724?post=3351"},{"taxonomy":"tax_1508","embeddable":true,"href":"https:\/\/mcproperties.ca\/fr\/wp-json\/wp\/v2\/tax_1508?post=3351"}],"curies":[{"name":"wp","href":"https:\/\/api.w.org\/{rel}","templated":true}]}}